{"id":1203,"date":"2025-10-30T17:57:57","date_gmt":"2025-10-30T16:57:57","guid":{"rendered":"https:\/\/solinfo.org\/?page_id=1203"},"modified":"2026-01-10T14:04:51","modified_gmt":"2026-01-10T13:04:51","slug":"nos-equipes","status":"publish","type":"page","link":"https:\/\/solinfo.org\/en\/nos-equipes\/","title":{"rendered":"Our Teams"},"content":{"rendered":"<h1 class=\"wp-block-heading has-text-align-center has-xx-large-font-size\">Our Teams<\/h1>\n\n\n\n<div class=\"wp-block-group alignfull has-background has-global-padding is-layout-constrained wp-container-core-group-is-layout-5613adf2 wp-block-group-is-layout-constrained\" style=\"background-color:#eaeaea;padding-top:var(--wp--preset--spacing--40);padding-right:var(--wp--preset--spacing--50);padding-bottom:var(--wp--preset--spacing--40);padding-left:var(--wp--preset--spacing--50)\">\n<div class=\"wp-block-group has-global-padding is-layout-constrained wp-container-core-group-is-layout-4e99f8cd wp-block-group-is-layout-constrained\">\n<h1 class=\"wp-block-heading has-text-align-center is-style-asterisk has-x-large-font-size\">Committed women and men<\/h1>\n<\/div>\n\n\n\n<div class=\"wp-block-group has-global-padding is-layout-constrained wp-container-core-group-is-layout-4e99f8cd wp-block-group-is-layout-constrained\">\n<p class=\"has-text-align-center\">Au si\u00e8ge, une \u00e9quipe b\u00e9n\u00e9vole assure le lien entre les programmes, les partenaires et les donateurs. Elle coordonne les projets, r\u00e9pond aux besoins exprim\u00e9s par le terrain et veille \u00e0 la coh\u00e9rence des actions men\u00e9es.<\/p>\n<\/div>\n\n\n\n<p><\/p>\n\n\n\n<div class=\"wp-block-group has-global-padding is-layout-constrained wp-container-core-group-is-layout-4e99f8cd wp-block-group-is-layout-constrained\">\n<p class=\"has-text-align-center\">Des experts, \u00e9galement b\u00e9n\u00e9voles, issus de domaines cl\u00e9s de la r\u00e9ponse humanitaire (sant\u00e9, \u00e9ducation, projet psychosocial, urgence, eau, formation, &#8230; ), apportent leurs comp\u00e9tences techniques aux \u00e9quipes locales.<\/p>\n<\/div>\n\n\n\n<p><\/p>\n\n\n\n<div class=\"wp-block-group has-global-padding is-layout-constrained wp-container-core-group-is-layout-4e99f8cd wp-block-group-is-layout-constrained\">\n<p class=\"has-text-align-center\">In the field, Solinfo relies on partner NGO teams who work directly within the communities and alongside the young people we support. <\/p>\n<\/div>\n\n\n\n<p><\/p>\n<\/div>\n\n\n\n<div class=\"wp-block-group alignfull has-base-2-background-color has-background has-global-padding is-layout-constrained wp-container-core-group-is-layout-edc2874e wp-block-group-is-layout-constrained\" style=\"margin-top:0;margin-bottom:0;padding-top:var(--wp--preset--spacing--20);padding-right:var(--wp--preset--spacing--50);padding-bottom:var(--wp--preset--spacing--20);padding-left:var(--wp--preset--spacing--50)\">\n<div class=\"wp-block-group is-vertical is-content-justification-center is-layout-flex wp-container-core-group-is-layout-b939bff0 wp-block-group-is-layout-flex\">\n<h2 class=\"wp-block-heading has-text-align-center is-style-asterisk\">Solinfo\u2019s Board<\/h2>\n\n\n\n<p class=\"has-text-align-center\"><br>The board is appointed by the General Assembly and elected for a three-year term.<\/p>\n<\/div>\n\n\n\n<div class=\"wp-block-group is-vertical is-content-justification-center is-layout-flex wp-container-core-group-is-layout-52b864f0 wp-block-group-is-layout-flex\">\n<div style=\"height:0px\" aria-hidden=\"true\" class=\"wp-block-spacer wp-container-content-4f2ccadb\"><\/div>\n<\/div>\n\n\n\n<div class=\"wp-block-columns alignwide is-layout-flex wp-container-core-columns-is-layout-d0bbbce0 wp-block-columns-is-layout-flex\">\n<div class=\"wp-block-column is-layout-flow wp-container-core-column-is-layout-e3d1c41b wp-block-column-is-layout-flow\">\n<h3 class=\"wp-block-heading has-text-align-left is-style-default has-body-font-family has-medium-font-size\" style=\"font-style:normal;font-weight:600\">Edouard Lagourgue<\/h3>\n\n\n\n<p class=\"has-text-align-left\">Pr\u00e9sident<\/p>\n\n\n\n<p class=\"has-text-align-left\">Impliqu\u00e9 dans le milieu humanitaire depuis des d\u00e9cennies, Edouard est l&rsquo;actuel pr\u00e9sident de Solinfo \u00ab car le soutien aux organisations locales en faveur des actions de formation de la jeunesse est l\u2019assurance d\u2019un geste durable. Y contribuer est un devoir d\u2019humanit\u00e9 \u00bb dit-il. Il est par ailleurs administrateur de soci\u00e9t\u00e9 et d\u2019associations comme l\u2019AVVAT, membre d\u2019honneur de Solidarit\u00e9s International et membre expert de D\u00e9fis Humanitaires.<\/p>\n\n\n\n<figure class=\"wp-block-image size-full\"><img loading=\"lazy\" decoding=\"async\" width=\"499\" height=\"374\" src=\"https:\/\/solinfo.org\/wp-content\/uploads\/2025\/11\/Edouard-Lagourgue-1.jpeg\" alt=\"\" class=\"wp-image-1568\" srcset=\"https:\/\/solinfo.org\/wp-content\/uploads\/2025\/11\/Edouard-Lagourgue-1.jpeg 499w, https:\/\/solinfo.org\/wp-content\/uploads\/2025\/11\/Edouard-Lagourgue-1-300x225.jpeg 300w\" sizes=\"auto, (max-width: 499px) 100vw, 499px\" \/><\/figure>\n<\/div>\n\n\n\n<div class=\"wp-block-column is-layout-flow wp-container-core-column-is-layout-e3d1c41b wp-block-column-is-layout-flow\">\n<h3 class=\"wp-block-heading has-text-align-left is-style-default has-body-font-family has-medium-font-size\" style=\"font-style:normal;font-weight:600\">Thierry Liebaut<\/h3>\n\n\n\n<p class=\"has-text-align-left\">Secretary General<\/p>\n\n\n\n<p class=\"has-text-align-left\">Entrepreneur and travel enthusiast, Thierry joined Solinfo as an active member and was later elected Secretary General. At Solinfo, he found a way to combine headquarters work with field missions, within a team dedicated to human-scale humanitarian projects and in direct contact with local partners and Solinfo\u2019s beneficiaries. He has previously contributed to numerous humanitarian programs in Iraq, Lebanon, and several African countries.<\/p>\n\n\n\n<figure class=\"wp-block-image size-full\"><img loading=\"lazy\" decoding=\"async\" width=\"496\" height=\"372\" src=\"https:\/\/solinfo.org\/wp-content\/uploads\/2025\/10\/equipe-sol-tlie-site-1.jpg\" alt=\"\" class=\"wp-image-1249\" srcset=\"https:\/\/solinfo.org\/wp-content\/uploads\/2025\/10\/equipe-sol-tlie-site-1.jpg 496w, https:\/\/solinfo.org\/wp-content\/uploads\/2025\/10\/equipe-sol-tlie-site-1-300x225.jpg 300w\" sizes=\"auto, (max-width: 496px) 100vw, 496px\" \/><\/figure>\n<\/div>\n\n\n\n<div class=\"wp-block-column is-layout-flow wp-container-core-column-is-layout-e3d1c41b wp-block-column-is-layout-flow\">\n<h3 class=\"wp-block-heading has-text-align-left is-style-default has-body-font-family has-medium-font-size\" style=\"font-style:normal;font-weight:600\">Audrey Lenestour<\/h3>\n\n\n\n<p class=\"has-text-align-left\">Treasurer&nbsp;<\/p>\n\n\n\n<p class=\"has-text-align-left\">Audrey is the cornerstone of Solinfo\u2019s headquarters team, overseeing the organization\u2019s accounting and treasury.<\/p>\n\n\n\n<p class=\"has-text-align-left\">Elle apporte son temps et sa connaissance comptable, mais aussi sa fra\u00eecheur et son sens de l\u2019organisation dans cet aspect de notre activit\u00e9 qui demande comp\u00e9tence et rigueur, surtout \u00e0 l\u2019heure o\u00f9 partout les financements se rar\u00e9fient.<\/p>\n\n\n<\/div>\n<\/div>\n\n\n\n<div style=\"height:min(1.5rem, 2vw);width:0px\" aria-hidden=\"true\" class=\"wp-block-spacer\"><\/div>\n<\/div>\n\n\n\n<div class=\"wp-block-group alignfull has-accent-background-color has-background has-global-padding is-layout-constrained wp-container-core-group-is-layout-d5d53815 wp-block-group-is-layout-constrained\" style=\"margin-top:0;margin-bottom:0;padding-top:var(--wp--preset--spacing--30);padding-right:var(--wp--preset--spacing--30);padding-bottom:var(--wp--preset--spacing--30);padding-left:var(--wp--preset--spacing--30)\">\n<div class=\"wp-block-group alignwide has-global-padding is-layout-constrained wp-container-core-group-is-layout-a4e526f7 wp-block-group-is-layout-constrained\" style=\"padding-top:0;padding-bottom:0\">\n<div class=\"wp-block-group is-vertical is-content-justification-center is-layout-flex wp-container-core-group-is-layout-3f0338aa wp-block-group-is-layout-flex\" style=\"margin-top:0;margin-bottom:0;padding-top:0;padding-bottom:0\">\n<h2 class=\"wp-block-heading has-text-align-center is-style-asterisk\">Solinfo\u2019s Experts<\/h2>\n\n\n\n<p class=\"has-text-align-center\"><br>Solinfo relies on a network of volunteer experts mobilized according to the needs of each mission. Their commitment ensures the quality of our projects and provides effective technical support directly to our local partners. <\/p>\n\n\n\n<p class=\"has-text-align-center\">They also provide training to the management teams of our partner organizations and intervene directly in the field whenever required.&nbsp;<\/p>\n<\/div>\n<\/div>\n\n\n\n<p><\/p>\n\n\n\n<div class=\"wp-block-group alignwide has-global-padding is-layout-constrained wp-container-core-group-is-layout-a4e526f7 wp-block-group-is-layout-constrained\" style=\"padding-top:0;padding-bottom:0\">\n<div class=\"wp-block-columns alignwide is-layout-flex wp-container-core-columns-is-layout-d1c656ed wp-block-columns-is-layout-flex\">\n<div class=\"wp-block-column is-vertically-aligned-center is-layout-flow wp-block-column-is-layout-flow\" style=\"flex-basis:40%\">\n<h3 class=\"wp-block-heading is-style-default\">Juliette Elie<\/h3>\n\n\n\n<p><strong>Medical Advisor<\/strong><\/p>\n\n\n\n<p><br>A committed physician and passionate traveler, Juliette has brought essential medical insight to Solinfo\u2019s projects since she joined the association. Also a practicing doctor in Paris, she applies her expertise to help integrate health approaches tailored to the needs of the beneficiaries. She particularly enjoys working closely with Solinfo\u2019s local partners and contributes to the well-being of communities, especially the children supported by the association. She recently created medical centers for widows and orphaned Syrian refugees in Iraq.<\/p>\n<\/div>\n\n\n\n<div class=\"wp-block-column is-vertically-aligned-center is-layout-flow wp-block-column-is-layout-flow\" style=\"flex-basis:50%\">\n<figure class=\"wp-block-image aligncenter size-full is-style-rounded is-style-rounded--1\"><img loading=\"lazy\" decoding=\"async\" width=\"492\" height=\"372\" src=\"https:\/\/solinfo.org\/wp-content\/uploads\/2025\/11\/juliette-rci.png\" alt=\"\" class=\"wp-image-1380\" srcset=\"https:\/\/solinfo.org\/wp-content\/uploads\/2025\/11\/juliette-rci.png 492w, https:\/\/solinfo.org\/wp-content\/uploads\/2025\/11\/juliette-rci-300x227.png 300w\" sizes=\"auto, (max-width: 492px) 100vw, 492px\" \/><\/figure>\n<\/div>\n<\/div>\n\n\n\n<div style=\"height:min(4rem, 5vw);width:0px\" aria-hidden=\"true\" class=\"wp-block-spacer\"><\/div>\n\n\n\n<div class=\"wp-block-columns alignwide is-layout-flex wp-container-core-columns-is-layout-d1c656ed wp-block-columns-is-layout-flex\">\n<div class=\"wp-block-column is-layout-flow wp-block-column-is-layout-flow\" style=\"flex-basis:50%\">\n<figure class=\"wp-block-image aligncenter size-full is-style-rounded is-style-rounded--2\"><img loading=\"lazy\" decoding=\"async\" width=\"499\" height=\"375\" src=\"https:\/\/solinfo.org\/wp-content\/uploads\/2025\/11\/Diane-Durand-small.jpeg\" alt=\"\" class=\"wp-image-1677\" srcset=\"https:\/\/solinfo.org\/wp-content\/uploads\/2025\/11\/Diane-Durand-small.jpeg 499w, https:\/\/solinfo.org\/wp-content\/uploads\/2025\/11\/Diane-Durand-small-300x225.jpeg 300w\" sizes=\"auto, (max-width: 499px) 100vw, 499px\" \/><\/figure>\n<\/div>\n\n\n\n<div class=\"wp-block-column is-vertically-aligned-center is-layout-flow wp-block-column-is-layout-flow\" style=\"flex-basis:40%\">\n<h3 class=\"wp-block-heading is-style-default\">Diane Durand<\/h3>\n\n\n\n<p><strong>Expert Psycho-Social<\/strong><\/p>\n\n\n\n<p>Diane has ten years of experience in managing international solidarity projects in crisis zones and fragile contexts, mainly in Africa and the Middle East, with strong expertise in mediation and humanitarian access.&nbsp;<\/p>\n\n\n\n<p>Her career has led her to collaborate with various organizations, where she also developed solid skills in psychosocial approaches and support\u2014essential for helping affected populations overcome trauma and strengthen their resilience, particularly women and children.<\/p>\n<\/div>\n<\/div>\n\n\n\n<div style=\"height:min(4rem, 5vw);width:0px\" aria-hidden=\"true\" class=\"wp-block-spacer\"><\/div>\n\n\n\n<div class=\"wp-block-columns alignwide is-layout-flex wp-container-core-columns-is-layout-d1c656ed wp-block-columns-is-layout-flex\">\n<div class=\"wp-block-column is-vertically-aligned-center is-layout-flow wp-block-column-is-layout-flow\" style=\"flex-basis:40%\">\n<h3 class=\"wp-block-heading is-style-default\">Th\u00e9mo Anargyros<\/h3>\n\n\n\n<p><strong><strong>Animal health expert, livestock management, and balance between wildlife and rural populations<\/strong><\/strong><\/p>\n\n\n\n<p>Th\u00e9mo Anargyros is a veterinarian trained in Africa, with solid field experience in isolated and demanding contexts. His career has led him to work with both wildlife and domestic animals, notably alongside livestock farmers, providing medical and surgical care as well as supporting rural practices.<\/p>\n\n\n\n<p>He works on a wide range of issues, from animal health and conservation to scientific research and the mitigation of human\u2013wildlife conflicts. In parallel, he develops documentary and advocacy projects focused on environmental and social challenges, and shares his experience through films, publications, and children\u2019s books that blend adventure, science, and commitment.<\/p>\n<\/div>\n\n\n\n<div class=\"wp-block-column is-vertically-aligned-center is-layout-flow wp-block-column-is-layout-flow\" style=\"flex-basis:50%\">\n<figure class=\"wp-block-image size-full is-style-rounded is-style-rounded--3\"><img loading=\"lazy\" decoding=\"async\" width=\"500\" height=\"394\" src=\"https:\/\/solinfo.org\/wp-content\/uploads\/2025\/12\/themo-solinfo.jpg\" alt=\"\" class=\"wp-image-2435\" srcset=\"https:\/\/solinfo.org\/wp-content\/uploads\/2025\/12\/themo-solinfo.jpg 500w, https:\/\/solinfo.org\/wp-content\/uploads\/2025\/12\/themo-solinfo-300x236.jpg 300w, https:\/\/solinfo.org\/wp-content\/uploads\/2025\/12\/themo-solinfo-15x12.jpg 15w\" sizes=\"auto, (max-width: 500px) 100vw, 500px\" \/><\/figure>\n<\/div>\n<\/div>\n\n\n\n<div style=\"height:min(4rem, 5vw);width:0px\" aria-hidden=\"true\" class=\"wp-block-spacer\"><\/div>\n\n\n\n<div class=\"wp-block-columns alignwide is-layout-flex wp-container-core-columns-is-layout-d1c656ed wp-block-columns-is-layout-flex\">\n<div class=\"wp-block-column is-layout-flow wp-block-column-is-layout-flow\" style=\"flex-basis:50%\">\n<figure class=\"wp-block-image aligncenter size-full is-style-rounded is-style-rounded--4\"><img loading=\"lazy\" decoding=\"async\" width=\"489\" height=\"374\" src=\"https:\/\/solinfo.org\/wp-content\/uploads\/2026\/01\/Eugenie-Bouniol.png\" alt=\"\" class=\"wp-image-2449\" srcset=\"https:\/\/solinfo.org\/wp-content\/uploads\/2026\/01\/Eugenie-Bouniol.png 489w, https:\/\/solinfo.org\/wp-content\/uploads\/2026\/01\/Eugenie-Bouniol-300x229.png 300w, https:\/\/solinfo.org\/wp-content\/uploads\/2026\/01\/Eugenie-Bouniol-16x12.png 16w\" sizes=\"auto, (max-width: 489px) 100vw, 489px\" \/><\/figure>\n<\/div>\n\n\n\n<div class=\"wp-block-column is-vertically-aligned-center is-layout-flow wp-block-column-is-layout-flow\" style=\"flex-basis:40%\">\n<h3 class=\"wp-block-heading is-style-default\">Eug\u00e9nie Bouniol<\/h3>\n\n\n\n<p><strong>WASH Expert \u2013 Water Engineer &amp; Project Manager<\/strong><\/p>\n\n\n\n<p>Eug\u00e9nie is a water engineer and project manager who has led post-conflict and development projects in France, Senegal and Iraq. She has worked closely with international donors, ensuring compliance, high technical standards and on-time delivery in complex environments.<\/p>\n\n\n\n<p>Her expertise covers access to safe drinking water, water treatment, quality monitoring, water conservation and borehole drilling. She brings to Solinfo strong technical rigor, leadership, a clear sense of priorities and close attention to the needs of teams and communities, in support of high-impact humanitarian programmes.<\/p>\n<\/div>\n<\/div>\n<\/div>\n<\/div>\n\n\n\n<div class=\"wp-block-group alignfull has-base-color has-text-color has-background has-global-padding is-layout-constrained wp-container-core-group-is-layout-8bf51df4 wp-block-group-is-layout-constrained\" style=\"background-color:#00214d;margin-top:0;margin-bottom:0;padding-top:var(--wp--preset--spacing--30);padding-right:var(--wp--preset--spacing--30);padding-bottom:var(--wp--preset--spacing--30);padding-left:var(--wp--preset--spacing--30)\">\n<div class=\"wp-block-group alignwide has-global-padding is-layout-constrained wp-container-core-group-is-layout-4383d167 wp-block-group-is-layout-constrained\">\n<p class=\"has-text-align-center has-base-color has-text-color has-heading-font-family has-x-large-font-size\" style=\"margin-right:var(--wp--preset--spacing--10);margin-left:var(--wp--preset--spacing--10);line-height:1.2\"><em>\u201cWe believe that the strength of a humanitarian team lies not only in its skills, but in its ability to unite wills, cultures, and energies to restore hope where it falters.\u201d<\/em><\/p>\n\n\n\n<div style=\"height:var(--wp--preset--spacing--10)\" aria-hidden=\"true\" class=\"wp-block-spacer\"><\/div>\n<\/div>\n\n\n\n<p><\/p>\n<\/div>","protected":false},"excerpt":{"rendered":"<p>Nos \u00e9quipes Des femmes et des hommes engag\u00e9s Au si\u00e8ge, une \u00e9quipe b\u00e9n\u00e9vole assure le lien entre les programmes, les partenaires et les donateurs. Elle coordonne les projets, r\u00e9pond aux besoins exprim\u00e9s par le terrain et veille \u00e0 la coh\u00e9rence des actions men\u00e9es. Des experts, \u00e9galement b\u00e9n\u00e9voles, issus de domaines cl\u00e9s de la r\u00e9ponse humanitaire [&hellip;]<\/p>\n","protected":false},"author":2,"featured_media":2041,"parent":0,"menu_order":0,"comment_status":"closed","ping_status":"closed","template":"","meta":{"footnotes":""},"class_list":["post-1203","page","type-page","status-publish","has-post-thumbnail","hentry"],"_links":{"self":[{"href":"https:\/\/solinfo.org\/en\/wp-json\/wp\/v2\/pages\/1203","targetHints":{"allow":["GET"]}}],"collection":[{"href":"https:\/\/solinfo.org\/en\/wp-json\/wp\/v2\/pages"}],"about":[{"href":"https:\/\/solinfo.org\/en\/wp-json\/wp\/v2\/types\/page"}],"author":[{"embeddable":true,"href":"https:\/\/solinfo.org\/en\/wp-json\/wp\/v2\/users\/2"}],"replies":[{"embeddable":true,"href":"https:\/\/solinfo.org\/en\/wp-json\/wp\/v2\/comments?post=1203"}],"version-history":[{"count":10,"href":"https:\/\/solinfo.org\/en\/wp-json\/wp\/v2\/pages\/1203\/revisions"}],"predecessor-version":[{"id":2451,"href":"https:\/\/solinfo.org\/en\/wp-json\/wp\/v2\/pages\/1203\/revisions\/2451"}],"wp:featuredmedia":[{"embeddable":true,"href":"https:\/\/solinfo.org\/en\/wp-json\/wp\/v2\/media\/2041"}],"wp:attachment":[{"href":"https:\/\/solinfo.org\/en\/wp-json\/wp\/v2\/media?parent=1203"}],"curies":[{"name":"wp","href":"https:\/\/api.w.org\/{rel}","templated":true}]}}