{"id":1205,"date":"2025-10-30T17:58:49","date_gmt":"2025-10-30T16:58:49","guid":{"rendered":"https:\/\/solinfo.org\/?page_id=1205"},"modified":"2025-11-22T12:21:17","modified_gmt":"2025-11-22T11:21:17","slug":"nos-programmes","status":"publish","type":"page","link":"https:\/\/solinfo.org\/en\/nos-programmes\/","title":{"rendered":"Our programs"},"content":{"rendered":"<div class=\"wp-block-group alignfull has-base-2-background-color has-background has-global-padding is-layout-constrained wp-container-core-group-is-layout-5df2c4f5 wp-block-group-is-layout-constrained\" style=\"margin-top:0;margin-bottom:0;padding-top:var(--wp--preset--spacing--30);padding-right:var(--wp--preset--spacing--50);padding-bottom:var(--wp--preset--spacing--30);padding-left:var(--wp--preset--spacing--50)\">\n<div class=\"wp-block-group is-vertical is-content-justification-center is-layout-flex wp-container-core-group-is-layout-b9ff3421 wp-block-group-is-layout-flex\" style=\"padding-top:0;padding-bottom:0\">\n<h2 class=\"wp-block-heading has-text-align-center is-style-default\">Countries &amp; Programs<\/h2>\n\n\n\n<p class=\"has-text-align-center\" style=\"line-height:1.9\"><br><strong>Locally rooted, context-specific programs:<\/strong><\/p>\n\n\n\n<p class=\"has-text-align-center\" style=\"line-height:1.9\">\u2022 Emergency schools for displaced or refugee children, distribution of school or hygiene kits, food supplies\u2026<\/p>\n\n\n\n<p class=\"has-text-align-center\" style=\"line-height:1.9\">\u2022 Vocational training programs in essential community-based skills: sewing, electricity, agriculture, livestock, IT\u2026<\/p>\n\n\n\n<p class=\"has-text-align-center\" style=\"line-height:1.9\">\u2022 Psychosocial support workshops for young children in or outside refugee and\/or displacement camps.<\/p>\n\n\n\n<p class=\"has-text-align-center\" style=\"line-height:1.9\">\u2022 Initiatives to strengthen local health networks: setting up medical consultations (mobile or fixed), training, equipment\u2026<\/p>\n\n\n\n<div style=\"height:0px\" aria-hidden=\"true\" class=\"wp-block-spacer wp-container-content-1ac3d91d\"><\/div>\n<\/div>\n\n\n\n<div class=\"wp-block-columns alignwide is-layout-flex wp-container-core-columns-is-layout-d0bbbce0 wp-block-columns-is-layout-flex\">\n<div class=\"wp-block-column is-layout-flow wp-container-core-column-is-layout-e3d1c41b wp-block-column-is-layout-flow\">\n<h3 class=\"wp-block-heading has-text-align-left is-style-asterisk has-body-font-family has-medium-font-size\" style=\"font-style:normal;font-weight:600\">Bangladesh<\/h3>\n\n\n\n<div class=\"wp-block-buttons is-layout-flex wp-block-buttons-is-layout-flex\">\n<div class=\"wp-block-button\"><a class=\"wp-block-button__link has-background wp-element-button\" href=\"https:\/\/solinfo.org\/en\/bangladesh\/\" style=\"background-color:#00214d\">Discover the program <\/a><\/div>\n<\/div>\n\n\n\n<ul class=\"wp-block-list\">\n<li>Operation of a network of 10 office-training centers for 300 orphans.\nSupport for graduates in securing professional integration.<\/li>\n\n\n\n<li>Support for graduates in securing professional integration. <\/li>\n<\/ul>\n<\/div>\n\n\n\n<div class=\"wp-block-column is-layout-flow wp-container-core-column-is-layout-e3d1c41b wp-block-column-is-layout-flow\">\n<h3 class=\"wp-block-heading has-text-align-left is-style-asterisk has-body-font-family has-medium-font-size\" style=\"font-style:normal;font-weight:600\">Iraqi Kurdistan<\/h3>\n\n\n\n<div class=\"wp-block-buttons is-layout-flex wp-block-buttons-is-layout-flex\">\n<div class=\"wp-block-button\"><a class=\"wp-block-button__link has-background wp-element-button\" href=\"https:\/\/solinfo.org\/en\/irak\/\" style=\"background-color:#00214d\">Discover the program <\/a><\/div>\n<\/div>\n\n\n\n<ul class=\"wp-block-list\">\n<li>Opening of a medical center in the Domiz refugee camp.<\/li>\n\n\n\n<li>Art-mediation workshop for incarcerated minors in Erbil. <\/li>\n<\/ul>\n<\/div>\n\n\n\n<div class=\"wp-block-column is-layout-flow wp-container-core-column-is-layout-e3d1c41b wp-block-column-is-layout-flow\">\n<h3 class=\"wp-block-heading has-text-align-left is-style-asterisk has-body-font-family has-medium-font-size\" style=\"font-style:normal;font-weight:600\">North-East Syria<\/h3>\n\n\n\n<div class=\"wp-block-buttons is-layout-flex wp-block-buttons-is-layout-flex\">\n<div class=\"wp-block-button\"><a class=\"wp-block-button__link has-background wp-element-button\" href=\"https:\/\/solinfo.org\/en\/syrie\/\" style=\"background-color:#00214d\">Discover the program <\/a><\/div>\n<\/div>\n\n\n\n<p class=\"has-text-align-left\">Art workshops providing psychosocial support to children aged 6 to 14 in displacement camps.<\/p>\n<\/div>\n<\/div>\n\n\n\n<hr class=\"wp-block-separator has-alpha-channel-opacity is-style-wide\" style=\"margin-top:0;margin-bottom:var(--wp--preset--spacing--40)\"\/>\n\n\n\n<div class=\"wp-block-columns alignwide is-layout-flex wp-container-core-columns-is-layout-d0bbbce0 wp-block-columns-is-layout-flex\">\n<div class=\"wp-block-column is-layout-flow wp-container-core-column-is-layout-e3d1c41b wp-block-column-is-layout-flow\">\n<h3 class=\"wp-block-heading has-text-align-left is-style-asterisk has-body-font-family has-medium-font-size\" style=\"font-style:normal;font-weight:600\">Republic of C\u00f4te d\u2019Ivoire<\/h3>\n\n\n\n<div class=\"wp-block-buttons is-layout-flex wp-block-buttons-is-layout-flex\">\n<div class=\"wp-block-button\"><a class=\"wp-block-button__link has-background wp-element-button\" href=\"https:\/\/solinfo.org\/en\/cote-divoire\/\" style=\"background-color:#00214d\">Discover the program <\/a><\/div>\n<\/div>\n\n\n\n<ul class=\"wp-block-list\">\n<li>literacy courses and sewing training for young girls.<\/li>\n\n\n\n<li>mobile health program, sickle-cell screening\u2026<\/li>\n<\/ul>\n<\/div>\n\n\n\n<div class=\"wp-block-column is-layout-flow wp-container-core-column-is-layout-e3d1c41b wp-block-column-is-layout-flow\">\n<h3 class=\"wp-block-heading has-text-align-left is-style-asterisk has-body-font-family has-medium-font-size\" style=\"font-style:normal;font-weight:600\">Mozambique<\/h3>\n\n\n\n<div class=\"wp-block-buttons is-layout-flex wp-block-buttons-is-layout-flex\">\n<div class=\"wp-block-button\"><a class=\"wp-block-button__link has-background wp-element-button\" href=\"https:\/\/solinfo.org\/en\/mozambique-colorfull-moz\/\" style=\"background-color:#00214d\">Discover the program <\/a><\/div>\n<\/div>\n\n\n\n<p class=\"has-text-align-left\">Psychosocial support workshops for children aged 6 to 11 in a displacement camp in Mueda, Cabo Delgado.<\/p>\n<\/div>\n\n\n\n<div class=\"wp-block-column is-layout-flow wp-container-core-column-is-layout-e3d1c41b wp-block-column-is-layout-flow\">\n<h3 class=\"wp-block-heading has-text-align-left is-style-asterisk has-body-font-family has-medium-font-size\" style=\"font-style:normal;font-weight:600\">Burundi (program completed)<\/h3>\n\n\n\n<div class=\"wp-block-buttons is-layout-flex wp-block-buttons-is-layout-flex\">\n<div class=\"wp-block-button\"><a class=\"wp-block-button__link has-background wp-element-button\" href=\"https:\/\/solinfo.org\/en\/burundi\/\" style=\"background-color:#00214d\">Discover the program <\/a><\/div>\n<\/div>\n\n\n\n<p class=\"has-text-align-left\">Training of 200 young adults in livestock farming across five centers.\nA program that has now reached self-sufficiency. <\/p>\n<\/div>\n<\/div>\n<\/div>\n\n\n\n<div class=\"wp-block-group alignfull has-base-color has-text-color has-background has-global-padding is-layout-constrained wp-container-core-group-is-layout-c8d2aeb8 wp-block-group-is-layout-constrained\" style=\"background-color:#00214d;margin-top:0;margin-bottom:0;padding-top:var(--wp--preset--spacing--30);padding-right:var(--wp--preset--spacing--20);padding-bottom:var(--wp--preset--spacing--30);padding-left:var(--wp--preset--spacing--20)\">\n<div class=\"wp-block-group has-global-padding is-layout-constrained wp-block-group-is-layout-constrained\">\n<p class=\"has-text-align-center has-base-color has-text-color has-heading-font-family has-x-large-font-size\" style=\"line-height:1.2\"><em>L\u2019\u00e9ducation est l\u2019arme la plus puissante que l\u2019on puisse utiliser pour changer le monde.<\/em><\/p>\n\n\n\n<div style=\"height:var(--wp--preset--spacing--10)\" aria-hidden=\"true\" class=\"wp-block-spacer\"><\/div>\n\n\n\n<div class=\"wp-block-group is-vertical is-content-justification-center is-nowrap is-layout-flex wp-container-core-group-is-layout-2dc08cea wp-block-group-is-layout-flex\">\n<p class=\"has-text-align-center\" style=\"margin-top:var(--wp--preset--spacing--10);margin-bottom:0\">Nelson Mandela<\/p>\n<\/div>\n<\/div>\n<\/div>\n\n\n\n<div class=\"wp-block-group alignfull has-global-padding is-layout-constrained wp-container-core-group-is-layout-b673cb31 wp-block-group-is-layout-constrained\" style=\"margin-top:0;margin-bottom:0;padding-top:var(--wp--preset--spacing--30);padding-right:var(--wp--preset--spacing--50);padding-bottom:var(--wp--preset--spacing--30);padding-left:var(--wp--preset--spacing--50)\">\n<div class=\"wp-block-group alignwide has-global-padding is-layout-constrained wp-container-core-group-is-layout-19e250f3 wp-block-group-is-layout-constrained\">\n<div class=\"wp-block-group has-global-padding is-content-justification-center is-layout-constrained wp-container-core-group-is-layout-500c9350 wp-block-group-is-layout-constrained\">\n<h2 class=\"wp-block-heading has-text-align-center is-style-default\" style=\"padding-top:0;padding-bottom:0\">Le lien entre urgence &amp; d\u00e9veloppement&nbsp;<\/h2>\n\n\n\n<p class=\"has-text-align-center\" style=\"padding-top:0;padding-bottom:0\"><\/p>\n<\/div>\n\n\n\n<div class=\"wp-block-columns alignwide is-layout-flex wp-container-core-columns-is-layout-d1c656ed wp-block-columns-is-layout-flex\">\n<div class=\"wp-block-column is-vertically-aligned-center is-layout-flow wp-block-column-is-layout-flow\" style=\"flex-basis:40%\">\n<h3 class=\"wp-block-heading is-style-default\"><br>Solinfo contribue \u00e0 la r\u00e9ponse humanitaire :<\/h3>\n\n\n\n<ul style=\"line-height:1.75\" class=\"wp-block-list is-style-checkmark-list\">\n<li>Solinfo agit l\u00e0 o\u00f9 les crises fragilisent les soci\u00e9t\u00e9s, mais aussi l\u00e0 o\u00f9 l\u2019espoir rena\u00eet. Nos \u00e9quipes accompagnent les populations dans les moments les plus critiques tout en pr\u00e9parant, avec elles, les bases d\u2019un avenir durable.<\/li>\n\n\n\n<li>Dans les zones menac\u00e9es par la guerre ou les catastrophes naturelles,<\/li>\n\n\n\n<li>Via un soutien psycho-social, m\u00e9dical ou \u00e9ducatif de la jeunesse.<\/li>\n<\/ul>\n<\/div>\n\n\n\n<div class=\"wp-block-column is-layout-flow wp-block-column-is-layout-flow\" style=\"flex-basis:50%\">\n<figure class=\"wp-block-image size-large is-resized is-style-rounded is-style-rounded--1\"><img loading=\"lazy\" decoding=\"async\" width=\"768\" height=\"1024\" src=\"https:\/\/solinfo.org\/wp-content\/uploads\/2025\/11\/Tous-Nos-programmes-Lien-urgence-developpement-768x1024.jpeg\" alt=\"\" class=\"wp-image-2057\" style=\"width:320px;height:auto\" srcset=\"https:\/\/solinfo.org\/wp-content\/uploads\/2025\/11\/Tous-Nos-programmes-Lien-urgence-developpement-768x1024.jpeg 768w, https:\/\/solinfo.org\/wp-content\/uploads\/2025\/11\/Tous-Nos-programmes-Lien-urgence-developpement-225x300.jpeg 225w, https:\/\/solinfo.org\/wp-content\/uploads\/2025\/11\/Tous-Nos-programmes-Lien-urgence-developpement-1152x1536.jpeg 1152w, https:\/\/solinfo.org\/wp-content\/uploads\/2025\/11\/Tous-Nos-programmes-Lien-urgence-developpement-1536x2048.jpeg 1536w, https:\/\/solinfo.org\/wp-content\/uploads\/2025\/11\/Tous-Nos-programmes-Lien-urgence-developpement-scaled.jpeg 1920w\" sizes=\"auto, (max-width: 768px) 100vw, 768px\" \/><\/figure>\n<\/div>\n<\/div>\n\n\n\n<div style=\"height:var(--wp--preset--spacing--40)\" aria-hidden=\"true\" class=\"wp-block-spacer\"><\/div>\n\n\n\n<div class=\"wp-block-columns alignwide is-layout-flex wp-container-core-columns-is-layout-d1c656ed wp-block-columns-is-layout-flex\">\n<div class=\"wp-block-column is-layout-flow wp-block-column-is-layout-flow\" style=\"flex-basis:50%\">\n<figure class=\"wp-block-image size-full is-style-rounded is-style-rounded--2\"><img loading=\"lazy\" decoding=\"async\" width=\"634\" height=\"502\" src=\"https:\/\/solinfo.org\/wp-content\/uploads\/2025\/11\/carte-action.png\" alt=\"\" class=\"wp-image-1422\" srcset=\"https:\/\/solinfo.org\/wp-content\/uploads\/2025\/11\/carte-action.png 634w, https:\/\/solinfo.org\/wp-content\/uploads\/2025\/11\/carte-action-300x238.png 300w\" sizes=\"auto, (max-width: 634px) 100vw, 634px\" \/><\/figure>\n<\/div>\n\n\n\n<div class=\"wp-block-column is-vertically-aligned-center is-layout-flow wp-block-column-is-layout-flow\" style=\"flex-basis:40%\">\n<h3 class=\"wp-block-heading is-style-default\"><br>Solinfo contribue au d\u00e9veloppement :&nbsp;<\/h3>\n\n\n\n<ul style=\"line-height:1.75\" class=\"wp-block-list is-style-checkmark-list\">\n<li>Dans des zones difficiles hors du champs d\u2019intervention des grandes institutions internationales,<\/li>\n\n\n\n<li>Via des programmes de courte dur\u00e9e pour former des jeunes adultes \u00e0 des activit\u00e9s g\u00e9n\u00e9ratrices de revenus.<\/li>\n\n\n\n<li>Via des renforts techniques destin\u00e9s \u00e0 renforcer la pr\u00e9vention sanitaire.&nbsp;<\/li>\n<\/ul>\n<\/div>\n<\/div>\n<\/div>\n<\/div>\n\n\n\n<div class=\"wp-block-group alignfull has-accent-5-background-color has-background has-global-padding is-layout-constrained wp-container-core-group-is-layout-867c3d7b wp-block-group-is-layout-constrained\" style=\"margin-top:0;margin-bottom:0;padding-top:var(--wp--preset--spacing--30);padding-right:var(--wp--preset--spacing--30);padding-bottom:var(--wp--preset--spacing--30);padding-left:var(--wp--preset--spacing--30)\">\n<div class=\"wp-block-columns alignwide is-layout-flex wp-container-core-columns-is-layout-1da03c2a wp-block-columns-is-layout-flex\">\n<div class=\"wp-block-column is-vertically-aligned-stretch is-layout-flow wp-block-column-is-layout-flow\" style=\"flex-basis:50%\">\n<div class=\"wp-block-group is-vertical is-content-justification-stretch is-layout-flex wp-container-core-group-is-layout-444d5ee8 wp-block-group-is-layout-flex\" style=\"min-height:100%\">\n<h2 class=\"wp-block-heading has-text-align-center is-style-asterisk\"><strong>Assister et t\u00e9moigner<\/strong><\/h2>\n\n\n\n<p class=\"has-medium-font-size\" style=\"line-height:1.5\">Nos programmes incluent le plus souvent des actions de plaidoyer en rapport avec la Convention relative aux droits de l\u2019enfant, les strat\u00e9gies de d\u00e9veloppement local dans le respect des Objectifs de D\u00e9veloppement Durable (ODD) promulgu\u00e9s par l\u2019ONU.<\/p>\n\n\n\n<p>Notre partenariat avec l\u2019association D\u00e9flagrations nous permet de :&nbsp;<\/p>\n\n\n\n<ul class=\"wp-block-list\">\n<li>Rendre hommage aux enfants t\u00e9moins ou victimes de ces violences de masse en collectant leurs t\u00e9moignages.<\/li>\n\n\n\n<li>Documenter et prot\u00e9ger leurs cr\u00e9ations \u00e9crites ou graphiques.<\/li>\n\n\n\n<li>Sensibiliser au respect des droits des enfants et documenter les violations des droits humains, les crimes de guerre, les crimes contre l\u2019humanit\u00e9 et g\u00e9nocides.<\/li>\n<\/ul>\n\n\n\n<p>Le projet&nbsp;<em><strong>D\u00e9flagrations<\/strong><\/em>, anim\u00e9 par Z\u00e9rane Girardeau,&nbsp;travaille \u00e0 identifier ces dessins d\u2019enfants, expressions \u00e0 part enti\u00e8re, \u00e0 les documenter et les mettre en lumi\u00e8re pour que place et reconnaissance leur soient donn\u00e9es. <\/p>\n\n\n\n<p>Inlassablement, Zerane rend hommage aux dessins de ces enfants, t\u00e9moins ou victimes de violences. Gr\u00e2ce \u00e0 un r\u00e9seau de contributeurs, dont Solinfo fait partie, elle identifie, documente et prot\u00e8ge leurs cr\u00e9ations.<\/p>\n\n\n\n<p>Zerane et D\u00e9flagrations peuvent ainsi montrer et transmettre ces dessins en contribuant \u00e0 des expositions dans les plus grands mus\u00e9es europ\u00e9en. Les derni\u00e8res ont eu lieu \u00e0 Gen\u00e8ve, Madrid et Barcelone.<\/p>\n\n\n\n<div class=\"wp-block-group has-global-padding is-content-justification-left is-layout-constrained wp-container-core-group-is-layout-9fe8ed88 wp-block-group-is-layout-constrained\">\n<div class=\"wp-block-buttons is-layout-flex wp-block-buttons-is-layout-flex\">\n<div class=\"wp-block-button\"><a class=\"wp-block-button__link wp-element-button\" href=\"https:\/\/www.deflagrations.com\/\" target=\"_blank\" rel=\"noreferrer noopener\">Visiter le site de D\u00e9flagrations<\/a><\/div>\n<\/div>\n<\/div>\n<\/div>\n<\/div>\n\n\n\n<div class=\"wp-block-column is-vertically-aligned-center is-layout-flow wp-block-column-is-layout-flow\" style=\"flex-basis:50%\">\n<figure class=\"wp-block-image size-full is-resized is-style-rounded is-style-rounded--3\"><img loading=\"lazy\" decoding=\"async\" width=\"1020\" height=\"1474\" src=\"https:\/\/solinfo.org\/wp-content\/uploads\/2025\/11\/deflagration_affiche-mucem.jpg\" alt=\"\" class=\"wp-image-2160\" style=\"aspect-ratio:0.75;object-fit:contain;width:580px;height:auto\" srcset=\"https:\/\/solinfo.org\/wp-content\/uploads\/2025\/11\/deflagration_affiche-mucem.jpg 1020w, https:\/\/solinfo.org\/wp-content\/uploads\/2025\/11\/deflagration_affiche-mucem-208x300.jpg 208w, https:\/\/solinfo.org\/wp-content\/uploads\/2025\/11\/deflagration_affiche-mucem-709x1024.jpg 709w, https:\/\/solinfo.org\/wp-content\/uploads\/2025\/11\/deflagration_affiche-mucem-768x1110.jpg 768w\" sizes=\"auto, (max-width: 1020px) 100vw, 1020px\" \/><\/figure>\n<\/div>\n<\/div>\n<\/div>","protected":false},"excerpt":{"rendered":"<p>Pays &amp; programmes Des programmes enracin\u00e9s localement, sp\u00e9cifiques : \u2022Ecoles de l\u2019urgence pour d\u00e9plac\u00e9s ou r\u00e9fugi\u00e9s, distributions de kits scolaires ou d\u2019hygi\u00e8ne, dotations alimentaires&#8230; \u2022Programmes de formation professionnelle sur des m\u00e9tiers de base et utiles \u00e0 la communaut\u00e9 concern\u00e9e : couture, \u00e9lectricit\u00e9, agriculture, \u00e9levage, informatique&#8230; \u2022Atelier de soutien psychosocial pour jeunes enfants dans ou hors [&hellip;]<\/p>\n","protected":false},"author":2,"featured_media":0,"parent":0,"menu_order":0,"comment_status":"closed","ping_status":"closed","template":"","meta":{"footnotes":""},"class_list":["post-1205","page","type-page","status-publish","hentry"],"_links":{"self":[{"href":"https:\/\/solinfo.org\/en\/wp-json\/wp\/v2\/pages\/1205","targetHints":{"allow":["GET"]}}],"collection":[{"href":"https:\/\/solinfo.org\/en\/wp-json\/wp\/v2\/pages"}],"about":[{"href":"https:\/\/solinfo.org\/en\/wp-json\/wp\/v2\/types\/page"}],"author":[{"embeddable":true,"href":"https:\/\/solinfo.org\/en\/wp-json\/wp\/v2\/users\/2"}],"replies":[{"embeddable":true,"href":"https:\/\/solinfo.org\/en\/wp-json\/wp\/v2\/comments?post=1205"}],"version-history":[{"count":10,"href":"https:\/\/solinfo.org\/en\/wp-json\/wp\/v2\/pages\/1205\/revisions"}],"predecessor-version":[{"id":2174,"href":"https:\/\/solinfo.org\/en\/wp-json\/wp\/v2\/pages\/1205\/revisions\/2174"}],"wp:attachment":[{"href":"https:\/\/solinfo.org\/en\/wp-json\/wp\/v2\/media?parent=1205"}],"curies":[{"name":"wp","href":"https:\/\/api.w.org\/{rel}","templated":true}]}}