{"id":1207,"date":"2025-10-30T17:59:09","date_gmt":"2025-10-30T16:59:09","guid":{"rendered":"https:\/\/solinfo.org\/?page_id=1207"},"modified":"2025-11-23T00:13:01","modified_gmt":"2025-11-22T23:13:01","slug":"devenez-donateur","status":"publish","type":"page","link":"https:\/\/solinfo.org\/en\/devenez-donateur\/","title":{"rendered":"Become a donor"},"content":{"rendered":"<div class=\"wp-block-group alignfull has-accent-background-color has-background has-global-padding is-layout-constrained wp-container-core-group-is-layout-f6cc5ae6 wp-block-group-is-layout-constrained\" style=\"margin-top:0;margin-bottom:0;padding-top:var(--wp--preset--spacing--30);padding-right:var(--wp--preset--spacing--50);padding-bottom:var(--wp--preset--spacing--30);padding-left:var(--wp--preset--spacing--50)\">\n<div class=\"wp-block-columns alignwide is-layout-flex wp-container-core-columns-is-layout-1da03c2a wp-block-columns-is-layout-flex\">\n<div class=\"wp-block-column is-vertically-aligned-stretch is-layout-flow wp-block-column-is-layout-flow\" style=\"flex-basis:50%\">\n<div class=\"wp-block-group is-vertical is-content-justification-stretch is-layout-flex wp-container-core-group-is-layout-444d5ee8 wp-block-group-is-layout-flex\" style=\"min-height:100%\">\n<p class=\"has-heading-font-family has-x-large-font-size\" style=\"line-height:1.2\"><strong>How to support us?<\/strong><\/p>\n\n\n\n<p class=\"has-medium-font-size\" style=\"line-height:1.5\">For more than twenty years, Solinfo has carried out its work thanks to the generosity of loyal and committed private donors. This ongoing support enables us to operate in often fragile contexts, assisting vulnerable children, young people, and families.<\/p>\n\n\n\n<p class=\"has-medium-font-size\" style=\"line-height:1.5\">For some programs, we also receive support from solidarity partners: other NGOs, local companies, and institutional donors who recognize the relevance of our field-based approach.<\/p>\n\n\n\n<p>If you too \u2014 as a company or private donor \u2014 wish to become a patron, we are looking for supporters willing to commit to regular contributions to one of our projects. By doing so, you become a sponsor of a dedicated program that you can follow alongside us. What we need most is the assurance of your regular annual donation.<\/p>\n\n\n\n<p class=\"has-medium-font-size\" style=\"line-height:1.5\">Our independence remains at the core of our identity. To continue acting freely, responding to the real needs expressed by our local partners, and staying where others no longer go, we rely on all of you \u2014 and on your consistency.<\/p>\n\n\n\n<p class=\"has-medium-font-size\" style=\"line-height:1.5\">Every donation, whatever the amount, directly contributes to funding our educational, social, and humanitarian missions.<\/p>\n\n\n\n<p class=\"has-medium-font-size\" style=\"line-height:1.5\">You can make a contribution today by visiting HelloAsso via the link below.<\/p>\n\n\n\n<div class=\"wp-block-group has-global-padding is-content-justification-left is-layout-constrained wp-container-core-group-is-layout-9fe8ed88 wp-block-group-is-layout-constrained\">\n<div class=\"wp-block-buttons is-layout-flex wp-block-buttons-is-layout-flex\">\n<div class=\"wp-block-button\"><a class=\"wp-block-button__link wp-element-button\" href=\"https:\/\/www.helloasso.com\/associations\/solinfo\/formulaires\/1\" target=\"_blank\" rel=\"noreferrer noopener\">LINK TO HELLOASSO<\/a><\/div>\n<\/div>\n<\/div>\n<\/div>\n<\/div>\n\n\n\n<div class=\"wp-block-column is-vertically-aligned-center is-layout-flow wp-block-column-is-layout-flow\" style=\"flex-basis:50%\">\n<figure class=\"wp-block-image size-full is-style-rounded is-style-rounded--1\"><img loading=\"lazy\" decoding=\"async\" width=\"956\" height=\"952\" src=\"https:\/\/solinfo.org\/wp-content\/uploads\/2025\/10\/expert-juju-RCI.jpeg\" alt=\"\" class=\"wp-image-1261\" style=\"aspect-ratio:3\/4;object-fit:cover\" srcset=\"https:\/\/solinfo.org\/wp-content\/uploads\/2025\/10\/expert-juju-RCI.jpeg 956w, https:\/\/solinfo.org\/wp-content\/uploads\/2025\/10\/expert-juju-RCI-300x300.jpeg 300w, https:\/\/solinfo.org\/wp-content\/uploads\/2025\/10\/expert-juju-RCI-150x150.jpeg 150w, https:\/\/solinfo.org\/wp-content\/uploads\/2025\/10\/expert-juju-RCI-768x765.jpeg 768w\" sizes=\"auto, (max-width: 956px) 100vw, 956px\" \/><\/figure>\n<\/div>\n<\/div>\n<\/div>\n\n\n\n<div class=\"wp-block-group alignfull has-base-background-color has-background has-global-padding is-layout-constrained wp-container-core-group-is-layout-d89aad35 wp-block-group-is-layout-constrained\" style=\"margin-top:0;margin-bottom:0;padding-top:var(--wp--preset--spacing--50);padding-right:var(--wp--preset--spacing--50);padding-bottom:var(--wp--preset--spacing--50);padding-left:var(--wp--preset--spacing--50)\">\n<div class=\"wp-block-columns alignwide is-layout-flex wp-container-core-columns-is-layout-549b0c86 wp-block-columns-is-layout-flex\">\n<div class=\"wp-block-column is-vertically-aligned-center has-global-padding is-content-justification-center is-layout-constrained wp-container-core-column-is-layout-42d62dd4 wp-block-column-is-layout-constrained\" style=\"flex-basis:40%\">\n<figure class=\"wp-block-image size-large\"><a href=\"https:\/\/www.helloasso.com\/associations\/solinfo\/formulaires\/1\" target=\"_blank\" rel=\" noreferrer noopener\"><img loading=\"lazy\" decoding=\"async\" width=\"847\" height=\"1024\" src=\"https:\/\/solinfo.org\/wp-content\/uploads\/2025\/10\/logo-hello-asso-847x1024.png\" alt=\"\" class=\"wp-image-1259\" srcset=\"https:\/\/solinfo.org\/wp-content\/uploads\/2025\/10\/logo-hello-asso-847x1024.png 847w, https:\/\/solinfo.org\/wp-content\/uploads\/2025\/10\/logo-hello-asso-248x300.png 248w, https:\/\/solinfo.org\/wp-content\/uploads\/2025\/10\/logo-hello-asso-768x928.png 768w, https:\/\/solinfo.org\/wp-content\/uploads\/2025\/10\/logo-hello-asso-1271x1536.png 1271w, https:\/\/solinfo.org\/wp-content\/uploads\/2025\/10\/logo-hello-asso-1695x2048.png 1695w, https:\/\/solinfo.org\/wp-content\/uploads\/2025\/10\/logo-hello-asso.png 2048w\" sizes=\"auto, (max-width: 847px) 100vw, 847px\" \/><\/a><\/figure>\n<\/div>\n\n\n\n<div class=\"wp-block-column is-layout-flow wp-container-core-column-is-layout-119bc444 wp-block-column-is-layout-flow\" style=\"flex-basis:60%\">\n<p class=\"has-heading-font-family has-x-large-font-size\" style=\"line-height:1.2\">HelloAsso is a social and solidarity-based enterprise that provides its payment technologies free of charge to NGOs like Solinfo.<\/p>\n\n\n\n<div class=\"wp-block-columns is-layout-flex wp-container-core-columns-is-layout-87beb0d0 wp-block-columns-is-layout-flex\">\n<div class=\"wp-block-column is-layout-flow wp-block-column-is-layout-flow\">\n<p class=\"wp-container-content-9cfa9a5a\">HelloAsso is a socially responsible solidarity company. We provide our payment technologies free of charge, with no fees or commissions, to more than 200,000 French associations. The voluntary contributions made by online donors are our only source of revenue.<\/p>\n<\/div>\n\n\n\n<div class=\"wp-block-column is-layout-flow wp-block-column-is-layout-flow\">\n<p>After making your donation, you will be invited\u2014optionally and with the possibility to modify the amount\u2014to contribute to HelloAsso\u2019s operating costs before confirming your payment.<\/p>\n\n\n\n<p>You will then receive a tax receipt allowing you to deduct up to 66% of your donation.<\/p>\n<\/div>\n<\/div>\n<\/div>\n<\/div>\n<\/div>\n\n\n\n<div class=\"wp-block-group alignfull has-accent-5-background-color has-background has-global-padding is-layout-constrained wp-container-core-group-is-layout-d89aad35 wp-block-group-is-layout-constrained\" style=\"margin-top:0;margin-bottom:0;padding-top:var(--wp--preset--spacing--50);padding-right:var(--wp--preset--spacing--50);padding-bottom:var(--wp--preset--spacing--50);padding-left:var(--wp--preset--spacing--50)\">\n<div class=\"wp-block-columns alignwide is-layout-flex wp-container-core-columns-is-layout-1da03c2a wp-block-columns-is-layout-flex\">\n<div class=\"wp-block-column is-vertically-aligned-center is-layout-flow wp-block-column-is-layout-flow\" style=\"flex-basis:60%\">\n<figure class=\"wp-block-image size-full is-style-rounded wp-duotone-duotone-1 is-style-rounded--2\"><img loading=\"lazy\" decoding=\"async\" width=\"2560\" height=\"1920\" src=\"https:\/\/solinfo.org\/wp-content\/uploads\/2025\/11\/Alpha-couture-Kanakono-2-scaled.jpeg\" alt=\"\" class=\"wp-image-2285\" style=\"aspect-ratio:4\/3;object-fit:cover\" srcset=\"https:\/\/solinfo.org\/wp-content\/uploads\/2025\/11\/Alpha-couture-Kanakono-2-scaled.jpeg 2560w, https:\/\/solinfo.org\/wp-content\/uploads\/2025\/11\/Alpha-couture-Kanakono-2-300x225.jpeg 300w, https:\/\/solinfo.org\/wp-content\/uploads\/2025\/11\/Alpha-couture-Kanakono-2-1024x768.jpeg 1024w, https:\/\/solinfo.org\/wp-content\/uploads\/2025\/11\/Alpha-couture-Kanakono-2-768x576.jpeg 768w, https:\/\/solinfo.org\/wp-content\/uploads\/2025\/11\/Alpha-couture-Kanakono-2-1536x1152.jpeg 1536w, https:\/\/solinfo.org\/wp-content\/uploads\/2025\/11\/Alpha-couture-Kanakono-2-2048x1536.jpeg 2048w\" sizes=\"auto, (max-width: 2560px) 100vw, 2560px\" \/><\/figure>\n<\/div>\n\n\n\n<div class=\"wp-block-column is-layout-flow wp-block-column-is-layout-flow\" style=\"flex-basis:40%\">\n<h2 class=\"wp-block-heading\">Your donations are 66% tax-deductible <\/h2>\n\n\n\n<p><br>Donations made to Solinfo, an organization recognized as being of public interest, are eligible for tax reductions (Articles 200 and 238 bis of the French Tax Code).<\/p>\n\n\n\n<p>Individuals benefit from a 66% tax deduction, up to 20% of their taxable income, and companies benefit from a 60% deduction, up to 0.5% of their turnover.<\/p>\n\n\n\n<p>A tax receipt is issued for every donation: thus, a \u20ac100 donation effectively costs only \u20ac34.<\/p>\n\n\n\n<p>By supporting Solinfo, you contribute to our training, education, and psychosocial support programs for the most vulnerable.<\/p>\n\n\n\n<div class=\"wp-block-buttons is-layout-flex wp-block-buttons-is-layout-flex\">\n<div class=\"wp-block-button\"><a class=\"wp-block-button__link wp-element-button\" href=\"https:\/\/www.helloasso.com\/associations\/solinfo\/formulaires\/1\" target=\"_blank\" rel=\"noreferrer noopener\">Support us<\/a><\/div>\n<\/div>\n<\/div>\n<\/div>\n<\/div>\n\n\n\n<div class=\"wp-block-group alignfull has-global-padding is-layout-constrained wp-container-core-group-is-layout-d89aad35 wp-block-group-is-layout-constrained\" style=\"margin-top:0;margin-bottom:0;padding-top:var(--wp--preset--spacing--50);padding-right:var(--wp--preset--spacing--50);padding-bottom:var(--wp--preset--spacing--50);padding-left:var(--wp--preset--spacing--50)\">\n<div class=\"wp-block-columns alignwide are-vertically-aligned-center is-layout-flex wp-container-core-columns-is-layout-47c06fe3 wp-block-columns-is-layout-flex\">\n<div class=\"wp-block-column is-vertically-aligned-center is-layout-flow wp-block-column-is-layout-flow\" style=\"flex-basis:50%\">\n<h2 class=\"wp-block-heading\">Give with LILO<\/h2>\n\n\n\n<p>You can also support us for free through Lilo, the solidarity-based search engine.<\/p>\n\n\n\n<p>Each search performed on Lilo generates \u201cwater drops,\u201d which are then converted into real donations to support our humanitarian work.<\/p>\n\n\n\n<p>Simply select Solinfo as the beneficiary project on <a href=\"https:\/\/www.lilo.org\/\">www.lilo.org<\/a>.<\/p>\n\n\n\n<p>A simple gesture \u2014 without spending a single cent \u2014 to contribute every day to our programs.<\/p>\n\n\n\n<div class=\"wp-block-buttons is-layout-flex wp-block-buttons-is-layout-flex\">\n<div class=\"wp-block-button is-style-outline is-style-outline--3\"><a class=\"wp-block-button__link wp-element-button\" href=\"https:\/\/www.lilo.org\/solinfo-association\/\" target=\"_blank\" rel=\"noreferrer noopener\">Go to Lilo<\/a><\/div>\n<\/div>\n<\/div>\n\n\n\n<div class=\"wp-block-column is-vertically-aligned-center is-layout-flow wp-block-column-is-layout-flow\" style=\"flex-basis:50%\">\n<figure class=\"wp-block-image size-full is-style-rounded is-style-rounded--4\"><img loading=\"lazy\" decoding=\"async\" width=\"948\" height=\"711\" src=\"https:\/\/solinfo.org\/wp-content\/uploads\/2025\/10\/image-lilo.jpg\" alt=\"\" class=\"wp-image-1270\" style=\"aspect-ratio:4\/3;object-fit:cover\" srcset=\"https:\/\/solinfo.org\/wp-content\/uploads\/2025\/10\/image-lilo.jpg 948w, https:\/\/solinfo.org\/wp-content\/uploads\/2025\/10\/image-lilo-300x225.jpg 300w, https:\/\/solinfo.org\/wp-content\/uploads\/2025\/10\/image-lilo-768x576.jpg 768w\" sizes=\"auto, (max-width: 948px) 100vw, 948px\" \/><\/figure>\n<\/div>\n<\/div>\n<\/div>","protected":false},"excerpt":{"rendered":"<p>Comment nous soutenir ? Depuis plus de vingt ans, Solinfo m\u00e8ne ses actions gr\u00e2ce \u00e0 la g\u00e9n\u00e9rosit\u00e9 de ses donateurs priv\u00e9s, fid\u00e8les et engag\u00e9s. Ce soutien constant nous permet d\u2019intervenir dans des contextes souvent fragiles, aupr\u00e8s d\u2019enfants, de jeunes et de familles vuln\u00e9rables. Sur certains programmes, nous b\u00e9n\u00e9ficions \u00e9galement de l\u2019appui de partenaires solidaires : [&hellip;]<\/p>\n","protected":false},"author":2,"featured_media":0,"parent":0,"menu_order":0,"comment_status":"closed","ping_status":"closed","template":"","meta":{"footnotes":""},"class_list":["post-1207","page","type-page","status-publish","hentry"],"_links":{"self":[{"href":"https:\/\/solinfo.org\/en\/wp-json\/wp\/v2\/pages\/1207","targetHints":{"allow":["GET"]}}],"collection":[{"href":"https:\/\/solinfo.org\/en\/wp-json\/wp\/v2\/pages"}],"about":[{"href":"https:\/\/solinfo.org\/en\/wp-json\/wp\/v2\/types\/page"}],"author":[{"embeddable":true,"href":"https:\/\/solinfo.org\/en\/wp-json\/wp\/v2\/users\/2"}],"replies":[{"embeddable":true,"href":"https:\/\/solinfo.org\/en\/wp-json\/wp\/v2\/comments?post=1207"}],"version-history":[{"count":10,"href":"https:\/\/solinfo.org\/en\/wp-json\/wp\/v2\/pages\/1207\/revisions"}],"predecessor-version":[{"id":2418,"href":"https:\/\/solinfo.org\/en\/wp-json\/wp\/v2\/pages\/1207\/revisions\/2418"}],"wp:attachment":[{"href":"https:\/\/solinfo.org\/en\/wp-json\/wp\/v2\/media?parent=1207"}],"curies":[{"name":"wp","href":"https:\/\/api.w.org\/{rel}","templated":true}]}}