{"id":1303,"date":"2025-10-31T17:06:02","date_gmt":"2025-10-31T16:06:02","guid":{"rendered":"https:\/\/solinfo.org\/?page_id=1303"},"modified":"2025-11-22T19:06:09","modified_gmt":"2025-11-22T18:06:09","slug":"accueil","status":"publish","type":"page","link":"https:\/\/solinfo.org\/en\/","title":{"rendered":"Home"},"content":{"rendered":"<div class=\"wp-block-group alignfull has-global-padding is-layout-constrained wp-container-core-group-is-layout-65084e8e wp-block-group-is-layout-constrained\" style=\"padding-top:var(--wp--preset--spacing--30);padding-right:var(--wp--preset--spacing--50);padding-bottom:var(--wp--preset--spacing--30);padding-left:var(--wp--preset--spacing--50)\">\n<div class=\"wp-block-group has-global-padding is-layout-constrained wp-container-core-group-is-layout-055e1b7b wp-block-group-is-layout-constrained\">\n<h1 class=\"wp-block-heading has-text-align-center has-x-large-font-size\">Solidarity, Intervention &amp; Training<\/h1>\n\n\n\n<div style=\"height:1.25rem\" aria-hidden=\"true\" class=\"wp-block-spacer\"><\/div>\n\n\n\n<p class=\"has-text-align-center\">Solinfo is a non-governmental organization for international solidarity, based in Paris and driven by volunteers and experts.<\/p>\n\n\n\n<p class=\"has-text-align-center\">We operate in countries facing emergency or post-emergency situations, supporting distressed youth to help them rebuild themselves and contribute to the future of their region.&nbsp;<\/p>\n\n\n\n<div style=\"height:1.25rem\" aria-hidden=\"true\" class=\"wp-block-spacer\"><\/div>\n<\/div>\n\n\n\n<figure class=\"wp-block-image alignwide size-full is-style-rounded is-style-rounded--1\"><img loading=\"lazy\" decoding=\"async\" width=\"1294\" height=\"600\" src=\"https:\/\/solinfo.org\/wp-content\/uploads\/2025\/10\/home-sol-1.jpg\" alt=\"\" class=\"wp-image-1172\" srcset=\"https:\/\/solinfo.org\/wp-content\/uploads\/2025\/10\/home-sol-1.jpg 1294w, https:\/\/solinfo.org\/wp-content\/uploads\/2025\/10\/home-sol-1-300x139.jpg 300w, https:\/\/solinfo.org\/wp-content\/uploads\/2025\/10\/home-sol-1-1024x475.jpg 1024w, https:\/\/solinfo.org\/wp-content\/uploads\/2025\/10\/home-sol-1-768x356.jpg 768w\" sizes=\"auto, (max-width: 1294px) 100vw, 1294px\" \/><\/figure>\n<\/div>\n\n\n\n<div class=\"wp-block-group alignfull has-base-2-background-color has-background has-global-padding is-layout-constrained wp-container-core-group-is-layout-f6cc5ae6 wp-block-group-is-layout-constrained\" style=\"margin-top:0;margin-bottom:0;padding-top:var(--wp--preset--spacing--30);padding-right:var(--wp--preset--spacing--50);padding-bottom:var(--wp--preset--spacing--30);padding-left:var(--wp--preset--spacing--50)\">\n<div class=\"wp-block-group is-vertical is-content-justification-center is-layout-flex wp-container-core-group-is-layout-52b864f0 wp-block-group-is-layout-flex\">\n<h2 class=\"wp-block-heading has-text-align-center is-style-asterisk\">Our history<\/h2>\n\n\n\n<div style=\"height:0px\" aria-hidden=\"true\" class=\"wp-block-spacer wp-container-content-4f2ccadb\"><\/div>\n\n\n\n<p class=\"has-text-align-center\">Since 2002, our work has been built on cooperation with local partners: we support them through technical, financial, and human assistance, mobilizing the expertise and commitment of our volunteers.<\/p>\n<\/div>\n\n\n\n<div class=\"wp-block-columns alignwide is-layout-flex wp-container-core-columns-is-layout-d0bbbce0 wp-block-columns-is-layout-flex\">\n<div class=\"wp-block-column is-layout-flow wp-container-core-column-is-layout-e3d1c41b wp-block-column-is-layout-flow\">\n<h3 class=\"wp-block-heading has-text-align-left is-style-asterisk has-body-font-family has-medium-font-size\" style=\"font-style:normal;font-weight:600\">Solinfo, a humanitarian organization active for nearly 25 years\u2026<\/h3>\n\n\n\n<p class=\"has-text-align-left\">Solinfo, a non-profit organization under French law (association loi 1901), was founded in 2002 by a travel enthusiast in Bangladesh, where he created the first computer training center. Today, 300 young people graduate each year from our ten centers.<\/p>\n\n\n\n<p>Active since its creation in more than ten crisis-affected countries, Solinfo\u2014born from a moment of inspiration and a humanist commitment\u2014has become an NGO specializing in training and supporting local initiatives aimed at strengthening the resilience of young people facing crises and poverty.&nbsp;<\/p>\n\n\n\n<p>The torch has been passed on since 2002, carried by dedicated members and volunteer experts who commit their skills for time-limited missions.<\/p>\n<\/div>\n\n\n\n<div class=\"wp-block-column is-layout-flow wp-container-core-column-is-layout-e3d1c41b wp-block-column-is-layout-flow\">\n<h3 class=\"wp-block-heading has-text-align-left is-style-asterisk has-body-font-family has-medium-font-size\" style=\"font-style:normal;font-weight:600\">Present today in five countries with seven programs\u2026<\/h3>\n\n\n\n<p class=\"has-text-align-left\">Solinfo currently operates mainly in Bangladesh, C\u00f4te d\u2019Ivoire, Iraq, Mozambique, and Syria, running seven programs that benefit nearly 3,000 young people threatened by poverty, war, and natural disasters. These beneficiaries come from vulnerable groups, often living in camps for displaced people or refugees.<\/p>\n\n\n\n<p class=\"has-text-align-left\">Our work aims to strengthen the resilience of these young people living in vulnerable conditions. <\/p>\n\n\n\n<p class=\"has-text-align-left\">Our action relies primarily on cooperation with local NGOs, true project partners. We support them through technical, financial, and human assistance, mobilizing the expertise and commitment of our volunteers.<\/p>\n\n\n\n<p>&nbsp;<\/p>\n<\/div>\n\n\n\n<div class=\"wp-block-column is-layout-flow wp-container-core-column-is-layout-e3d1c41b wp-block-column-is-layout-flow\">\n<h3 class=\"wp-block-heading has-text-align-left is-style-asterisk has-body-font-family has-medium-font-size\" style=\"font-style:normal;font-weight:600\">A steadfast vocation that remains human-sized\u2026<\/h3>\n\n\n\n<p>Solinfo is currently chaired by Edouard Lagourgue, a humanitarian actor since the 1980s and a board member of several humanitarian organizations.&nbsp;<\/p>\n\n\n\n<p class=\"has-text-align-left\">Solinfo strives to remain at the heart of humanitarian response by deliberately focusing its work on a limited number of countries, consistent with its financial capacity and its ability to deploy volunteers and experts.<\/p>\n\n\n\n<p class=\"has-text-align-left\">Its deep vocation remains to address the future needs of young people \u2014 a commitment we wholeheartedly share with our partners.<\/p>\n\n\n\n<p class=\"has-text-align-left\">As an independent NGO, Solinfo is funded by patrons, private donors, foundations, and companies. Some projects have also received support from institutional donors. &nbsp;<\/p>\n<\/div>\n<\/div>\n\n\n\n<div style=\"height:var(--wp--preset--spacing--20)\" aria-hidden=\"true\" class=\"wp-block-spacer\"><\/div>\n<\/div>\n\n\n\n<div class=\"wp-block-group alignfull has-global-padding is-layout-constrained wp-container-core-group-is-layout-c7a42c40 wp-block-group-is-layout-constrained\" style=\"margin-top:0;margin-bottom:0;padding-top:var(--wp--preset--spacing--20);padding-right:var(--wp--preset--spacing--50);padding-bottom:var(--wp--preset--spacing--20);padding-left:var(--wp--preset--spacing--50)\">\n<div class=\"wp-block-group alignwide has-global-padding is-layout-constrained wp-container-core-group-is-layout-19e250f3 wp-block-group-is-layout-constrained\">\n<div class=\"wp-block-group is-vertical is-content-justification-center is-layout-flex wp-container-core-group-is-layout-6329a8f3 wp-block-group-is-layout-flex\">\n<h2 class=\"wp-block-heading has-text-align-center is-style-asterisk\">Our approach<\/h2>\n\n\n\n<p class=\"has-text-align-center\">The organization has strong experience in cooperating with humanitarian and social actors in the Global South.<\/p>\n<\/div>\n\n\n\n<div style=\"height:var(--wp--preset--spacing--40)\" aria-hidden=\"true\" class=\"wp-block-spacer\"><\/div>\n\n\n\n<div class=\"wp-block-columns alignwide is-layout-flex wp-container-core-columns-is-layout-d1c656ed wp-block-columns-is-layout-flex\">\n<div class=\"wp-block-column is-vertically-aligned-center is-layout-flow wp-block-column-is-layout-flow\" style=\"flex-basis:40%\">\n<h3 class=\"wp-block-heading is-style-default\">Values and Ethical Principles<\/h3>\n\n\n\n<p>Solinfo, a non-profit association under French law, provides assistance on a voluntary basis and in full respect of international humanitarian law.&nbsp;<\/p>\n\n\n\n<p>Solinfo is non-political and non-religious, acting with strict neutrality and working solely for the benefit of the victims it serves, in line with international law and children\u2019s rights.&nbsp;<\/p>\n\n\n\n<p>As an independent NGO, Solinfo is primarily funded by patrons, private donors, foundations, and companies. In the last fiscal year, 95% of the resources received were allocated directly to humanitarian programs.<\/p>\n<\/div>\n\n\n\n<div class=\"wp-block-column is-layout-flow wp-block-column-is-layout-flow\" style=\"flex-basis:50%\">\n<figure class=\"wp-block-image size-full is-style-rounded is-style-rounded--2\"><img loading=\"lazy\" decoding=\"async\" width=\"600\" height=\"531\" src=\"https:\/\/solinfo.org\/wp-content\/uploads\/2025\/10\/site-2025-missions-sol.jpeg\" alt=\"\" class=\"wp-image-1329\" srcset=\"https:\/\/solinfo.org\/wp-content\/uploads\/2025\/10\/site-2025-missions-sol.jpeg 600w, https:\/\/solinfo.org\/wp-content\/uploads\/2025\/10\/site-2025-missions-sol-300x266.jpeg 300w\" sizes=\"auto, (max-width: 600px) 100vw, 600px\" \/><\/figure>\n<\/div>\n<\/div>\n\n\n\n<div style=\"height:var(--wp--preset--spacing--40)\" aria-hidden=\"true\" class=\"wp-block-spacer\"><\/div>\n\n\n\n<div class=\"wp-block-columns alignwide is-layout-flex wp-container-core-columns-is-layout-d1c656ed wp-block-columns-is-layout-flex\">\n<div class=\"wp-block-column is-layout-flow wp-block-column-is-layout-flow\" style=\"flex-basis:50%\">\n<figure class=\"wp-block-image size-large is-style-rounded is-style-rounded--3\"><img loading=\"lazy\" decoding=\"async\" width=\"1024\" height=\"756\" src=\"https:\/\/solinfo.org\/wp-content\/uploads\/2025\/10\/centre-medical_NES-1024x756.jpeg\" alt=\"\" class=\"wp-image-1330\" srcset=\"https:\/\/solinfo.org\/wp-content\/uploads\/2025\/10\/centre-medical_NES-1024x756.jpeg 1024w, https:\/\/solinfo.org\/wp-content\/uploads\/2025\/10\/centre-medical_NES-300x221.jpeg 300w, https:\/\/solinfo.org\/wp-content\/uploads\/2025\/10\/centre-medical_NES-768x567.jpeg 768w, https:\/\/solinfo.org\/wp-content\/uploads\/2025\/10\/centre-medical_NES-1536x1133.jpeg 1536w, https:\/\/solinfo.org\/wp-content\/uploads\/2025\/10\/centre-medical_NES.jpeg 2048w\" sizes=\"auto, (max-width: 1024px) 100vw, 1024px\" \/><\/figure>\n<\/div>\n\n\n\n<div class=\"wp-block-column is-vertically-aligned-center is-layout-flow wp-block-column-is-layout-flow\" style=\"flex-basis:40%\">\n<h3 class=\"wp-block-heading is-style-default\">A Transparent Relationship with Our Donors<\/h3>\n\n\n\n<p>Solinfo receives support from patrons to cover its headquarters\u2019 costs, and from private donors\u2014mostly from the corporate sector\u2014to finance its programs. Eighty-two percent of its resources come from private donations and foundations, and eighteen percent from institutional donors. Our annual field budget ranges between \u20ac70,000 and \u20ac100,000.<\/p>\n\n\n\n<p>We regularly report on the progress and challenges of our projects. Our commitment is to keep you informed without constantly soliciting you, respecting your freedom while hoping for the continued loyalty of your support.&nbsp;<\/p>\n<\/div>\n<\/div>\n\n\n\n<div style=\"height:var(--wp--preset--spacing--40)\" aria-hidden=\"true\" class=\"wp-block-spacer\"><\/div>\n\n\n\n<div class=\"wp-block-columns alignwide is-layout-flex wp-container-core-columns-is-layout-d1c656ed wp-block-columns-is-layout-flex\">\n<div class=\"wp-block-column is-vertically-aligned-center is-layout-flow wp-block-column-is-layout-flow\" style=\"flex-basis:40%\">\n<h3 class=\"wp-block-heading is-style-default\">Simple Principles of Action<\/h3>\n\n\n\n<p>Strengthen local humanitarian response capacities by working with in-country NGOs. Together, we design projects tailored to their needs and to those of the communities they serve. Solinfo signs implementation agreements with each partner, ensuring financial and quality monitoring carried out by our volunteer experts.<\/p>\n\n\n\n<p>Because they know their communities better than anyone, our partners are responsible for implementing the projects on the ground. <\/p>\n\n\n\n<p>When necessary, we also create local structures led by national teams\u2014as we have done in Bangladesh and Iraq\u2014to build lasting solidarity.<\/p>\n\n\n\n<p>Finally, we bear witness whenever the situation of affected populations requires it.<\/p>\n<\/div>\n\n\n\n<div class=\"wp-block-column is-layout-flow wp-block-column-is-layout-flow\" style=\"flex-basis:50%\">\n<figure class=\"wp-block-image size-full is-style-rounded is-style-rounded--4\"><img loading=\"lazy\" decoding=\"async\" width=\"600\" height=\"467\" src=\"https:\/\/solinfo.org\/wp-content\/uploads\/2025\/10\/distribution-couvetrture-bgld.jpg\" alt=\"\" class=\"wp-image-1331\" srcset=\"https:\/\/solinfo.org\/wp-content\/uploads\/2025\/10\/distribution-couvetrture-bgld.jpg 600w, https:\/\/solinfo.org\/wp-content\/uploads\/2025\/10\/distribution-couvetrture-bgld-300x234.jpg 300w\" sizes=\"auto, (max-width: 600px) 100vw, 600px\" \/><\/figure>\n<\/div>\n<\/div>\n<\/div>\n<\/div>\n\n\n\n<div class=\"wp-block-group alignfull has-base-color has-text-color has-background has-global-padding is-layout-constrained wp-container-core-group-is-layout-84dd49cd wp-block-group-is-layout-constrained\" style=\"background-color:#00214d;margin-top:0;margin-bottom:0;padding-top:var(--wp--preset--spacing--30);padding-right:var(--wp--preset--spacing--60);padding-bottom:var(--wp--preset--spacing--30);padding-left:var(--wp--preset--spacing--60)\">\n<div class=\"wp-block-group has-global-padding is-layout-constrained wp-container-core-group-is-layout-704e782a wp-block-group-is-layout-constrained\">\n<p class=\"has-text-align-center has-base-color has-text-color has-heading-font-family has-large-font-size\" style=\"line-height:1.2\"><em>Convinced that children and youth must be a universal priority, Solinfo has set itself the goal of improving the living and educational conditions of vulnerable young people facing crisis situations.<\/em><\/p>\n<\/div>\n<\/div>\n\n\n\n<div class=\"wp-block-group is-vertical is-content-justification-center is-layout-flex wp-container-core-group-is-layout-6329a8f3 wp-block-group-is-layout-flex\">\n<h2 class=\"wp-block-heading has-text-align-center is-style-asterisk\">Our programs<\/h2>\n\n\n\n<p class=\"has-text-align-center\">Today, Solinfo operates in five main countries through vocational training, psychosocial support programs, art-therapy workshops, hygiene and nutrition training, and medical consultations, benefiting nearly 3,000 children and youth each year, up to the age of 20.<\/p>\n\n\n\n<p class=\"has-text-align-center\" style=\"padding-right:0;padding-left:0\">Within its means, Solinfo provides financial, administrative, and technical support depending on the project\u2014whether in education, psychosocial assistance, vocational training, or health and medical interventions. In areas where state action is weak or absent, and where some populations flee humanitarian crises in hard-to-reach zones, we work to meet the future needs of this vulnerable youth.<\/p>\n\n\n\n<p class=\"has-text-align-center\">Often a promoter of pilot projects\u2014such as in C\u00f4te d\u2019Ivoire for the financial empowerment of young girls\u2014Solinfo strives to design tailored, context-specific initiatives that strengthen the resilience of the communities it serves.<\/p>\n<\/div>\n\n\n\n<div class=\"wp-block-group alignfull has-base-2-background-color has-background is-vertical is-content-justification-center is-layout-flex wp-container-core-group-is-layout-c2a80f30 wp-block-group-is-layout-flex\" style=\"margin-top:0;margin-bottom:0;padding-top:0;padding-right:var(--wp--preset--spacing--30);padding-bottom:0;padding-left:var(--wp--preset--spacing--30)\">\n<div class=\"wp-block-group is-vertical is-content-justification-center is-layout-flex wp-container-core-group-is-layout-638dc746 wp-block-group-is-layout-flex\" style=\"padding-right:0;padding-left:0\">\n<div style=\"height:0px\" aria-hidden=\"true\" class=\"wp-block-spacer wp-container-content-4f2ccadb\"><\/div>\n<\/div>\n\n\n\n<hr class=\"wp-block-separator has-alpha-channel-opacity is-style-wide\" style=\"margin-top:0;margin-bottom:0\"\/>\n<\/div>\n\n\n\n<div class=\"wp-block-group alignfull has-base-2-background-color has-background has-global-padding is-layout-constrained wp-container-core-group-is-layout-e1479563 wp-block-group-is-layout-constrained\" style=\"margin-top:0;margin-bottom:0;padding-top:0;padding-right:var(--wp--preset--spacing--50);padding-bottom:0;padding-left:var(--wp--preset--spacing--50)\">\n<div class=\"wp-block-columns alignwide is-layout-flex wp-container-core-columns-is-layout-d0bbbce0 wp-block-columns-is-layout-flex\">\n<div class=\"wp-block-column is-layout-flow wp-container-core-column-is-layout-e3d1c41b wp-block-column-is-layout-flow\">\n<h3 class=\"wp-block-heading has-text-align-left is-style-asterisk has-body-font-family has-medium-font-size\" style=\"font-style:normal;font-weight:600\"><a href=\"https:\/\/solinfo.org\/en\/bangladesh\/\" data-type=\"page\" data-id=\"1633\">Bangladesh<\/a><\/h3>\n\n\n\n<p class=\"has-text-align-left\"><br>Present in Bangladesh since 2002, Solinfo provides free training in office software and digital tools to young people from disadvantaged backgrounds, in order to improve their employability.<\/p>\n<\/div>\n\n\n\n<div class=\"wp-block-column is-layout-flow wp-container-core-column-is-layout-e3d1c41b wp-block-column-is-layout-flow\">\n<h3 class=\"wp-block-heading has-text-align-left is-style-asterisk has-body-font-family has-medium-font-size\" style=\"font-style:normal;font-weight:600\"><a href=\"https:\/\/solinfo.org\/en\/syrie\/\" data-type=\"page\" data-id=\"1909\">Syria<\/a><\/h3>\n\n\n\n<p class=\"has-text-align-left\"><br>Since 2012, Solinfo has been running psychosocial workshops directly inside displacement camps to support young victims of the Syrian conflict, while also providing medical consultations and distributing hygiene kits.<\/p>\n<\/div>\n\n\n\n<div class=\"wp-block-column is-layout-flow wp-container-core-column-is-layout-e3d1c41b wp-block-column-is-layout-flow\">\n<h3 class=\"wp-block-heading has-text-align-left is-style-asterisk has-body-font-family has-medium-font-size\" style=\"font-style:normal;font-weight:600\"><a href=\"https:\/\/solinfo.org\/en\/irak\/\" data-type=\"page\" data-id=\"1697\">Irak<\/a><\/h3>\n\n\n\n<p class=\"has-text-align-left\"><br>Solinfo supports vulnerable, displaced, and refugee groups in northern Iraq through a medical center dedicated to widows and orphans. Solinfo also conducts art-mediation workshops for young girls in prison. <\/p>\n<\/div>\n<\/div>\n<\/div>\n\n\n\n<div class=\"wp-block-group alignfull has-base-2-background-color has-background has-global-padding is-layout-constrained wp-container-core-group-is-layout-3fab7224 wp-block-group-is-layout-constrained\" style=\"margin-top:0;margin-bottom:0;padding-top:var(--wp--preset--spacing--20);padding-right:var(--wp--preset--spacing--50);padding-bottom:var(--wp--preset--spacing--20);padding-left:var(--wp--preset--spacing--50)\">\n<div class=\"wp-block-columns alignwide is-layout-flex wp-container-core-columns-is-layout-d0bbbce0 wp-block-columns-is-layout-flex\">\n<div class=\"wp-block-column is-layout-flow wp-container-core-column-is-layout-e3d1c41b wp-block-column-is-layout-flow\">\n<h3 class=\"wp-block-heading has-text-align-left is-style-asterisk has-body-font-family has-medium-font-size\" style=\"font-style:normal;font-weight:600\"><a href=\"https:\/\/solinfo.org\/en\/cote-divoire\/\" data-type=\"page\" data-id=\"1785\">Ivory Coast<\/a><\/h3>\n\n\n\n<p class=\"has-text-align-left\"><br>Solinfo promotes the empowerment of young girls through vocational training and strengthens access to healthcare in northern C\u00f4te d\u2019Ivoire through a mobile health program and by building the medical capacities of a local NGO.<\/p>\n<\/div>\n\n\n\n<div class=\"wp-block-column is-layout-flow wp-container-core-column-is-layout-e3d1c41b wp-block-column-is-layout-flow\">\n<h3 class=\"wp-block-heading has-text-align-left is-style-asterisk has-body-font-family has-medium-font-size\" style=\"font-style:normal;font-weight:600\"><a href=\"https:\/\/solinfo.org\/en\/mozambique-colorfull-moz\/\" data-type=\"page\" data-id=\"1429\">Mozambique<\/a><\/h3>\n\n\n\n<p class=\"has-text-align-left\"><br>In Cabo Delgado, in the Mueda displacement camp, Solinfo has been developing since 2021\u2014together with the local NGO Kulima\u2014an initiative combining educational support and psychosocial assistance for children aged 6 to 12.<\/p>\n<\/div>\n\n\n\n<div class=\"wp-block-column is-layout-flow wp-container-core-column-is-layout-e3d1c41b wp-block-column-is-layout-flow\">\n<h3 class=\"wp-block-heading has-text-align-left is-style-asterisk has-body-font-family has-medium-font-size\" style=\"font-style:normal;font-weight:600\"><a href=\"https:\/\/solinfo.org\/en\/burundi\/\" data-type=\"page\" data-id=\"1692\">Burundi<\/a><\/h3>\n\n\n\n<p class=\"has-text-align-left\"><br>Our AgriSchool program in Burundi enabled young people aged 12 to 18 to develop autonomy by learning the basics of sustainable agriculture through tailored training.<\/p>\n<\/div>\n<\/div>\n<\/div>\n\n\n\n<p><\/p>","protected":false},"excerpt":{"rendered":"<p>Solidarit\u00e9, Intervention &amp; Formation Solinfo est une organisation non gouvernementale de solidarit\u00e9 internationale bas\u00e9e \u00e0 Paris et anim\u00e9e par des b\u00e9n\u00e9voles et des experts. Nous intervenons dans des pays en situation d\u2019urgence ou post-urgence aupr\u00e8s de jeunes en d\u00e9tresse pour les aider \u00e0 se reconstruire et contribuer ainsi \u00e0 l\u2019avenir de leur r\u00e9gion.&nbsp; Notre Histoire [&hellip;]<\/p>\n","protected":false},"author":2,"featured_media":0,"parent":0,"menu_order":0,"comment_status":"closed","ping_status":"closed","template":"","meta":{"footnotes":""},"class_list":["post-1303","page","type-page","status-publish","hentry"],"_links":{"self":[{"href":"https:\/\/solinfo.org\/en\/wp-json\/wp\/v2\/pages\/1303","targetHints":{"allow":["GET"]}}],"collection":[{"href":"https:\/\/solinfo.org\/en\/wp-json\/wp\/v2\/pages"}],"about":[{"href":"https:\/\/solinfo.org\/en\/wp-json\/wp\/v2\/types\/page"}],"author":[{"embeddable":true,"href":"https:\/\/solinfo.org\/en\/wp-json\/wp\/v2\/users\/2"}],"replies":[{"embeddable":true,"href":"https:\/\/solinfo.org\/en\/wp-json\/wp\/v2\/comments?post=1303"}],"version-history":[{"count":10,"href":"https:\/\/solinfo.org\/en\/wp-json\/wp\/v2\/pages\/1303\/revisions"}],"predecessor-version":[{"id":2404,"href":"https:\/\/solinfo.org\/en\/wp-json\/wp\/v2\/pages\/1303\/revisions\/2404"}],"wp:attachment":[{"href":"https:\/\/solinfo.org\/en\/wp-json\/wp\/v2\/media?parent=1303"}],"curies":[{"name":"wp","href":"https:\/\/api.w.org\/{rel}","templated":true}]}}