{"id":16,"date":"2025-10-30T12:01:17","date_gmt":"2025-10-30T11:01:17","guid":{"rendered":"https:\/\/solinfo.org\/?page_id=16"},"modified":"2025-11-04T14:03:45","modified_gmt":"2025-11-04T13:03:45","slug":"qui-sommes-nous","status":"publish","type":"page","link":"https:\/\/solinfo.org\/en\/qui-sommes-nous\/","title":{"rendered":"Qui sommes-nous"},"content":{"rendered":"<div class=\"wp-block-group has-global-padding is-layout-constrained wp-container-core-group-is-layout-21088a30 wp-block-group-is-layout-constrained\" style=\"padding-right:0;padding-left:0\">\n<p class=\"has-large-font-size\"><strong>Notre histoire<\/strong><\/p>\n\n\n\n<p>L\u2019association Solinfo s\u2019est constitu\u00e9e en 2002 autour d\u2019une action de formation en informatique au Bangladesh. Cette premi\u00e8re action humanitaire, toujours active, permet de former pr\u00e8s de 300 \u00e9tudiants tous les ans dans nos 11 centres.&nbsp;&nbsp;<\/p>\n\n\n\n<p>Aujourd\u2019hui, Solinfo est active dans un peu moins d\u2019une dizaine de pays et intervient au profit de pr\u00e8s de 5000 enfants ou jeunes adultes.<\/p>\n\n\n\n<p>Aujourd\u2019hui focalis\u00e9e sur l\u2019appui \u00e9ducatif dans les zones fragiles, Solinfo est ind\u00e9pendante financi\u00e8rement gr\u00e2ce \u00e0 un r\u00e9seau de donateurs fid\u00e8les et re\u00e7oit le soutien de quelques fondations.&nbsp;<\/p>\n\n\n\n<p>Depuis sa cr\u00e9ation, Solinfo est une organisation non gouvernementale humanitaire \u00e0 taille humaine, ind\u00e9pendante, apolitique, orient\u00e9e vers une aide personnalis\u00e9e \u00e0 l\u2019enfance en danger. L\u2019association respecte le droit international humanitaire ainsi que le principe de neutralit\u00e9 politique, ethnique, religieuse.<\/p>\n\n\n\n<div class=\"wp-block-group has-global-padding is-layout-constrained wp-block-group-is-layout-constrained\">\n<p class=\"has-large-font-size\"><\/p>\n<\/div>\n<\/div>","protected":false},"excerpt":{"rendered":"<p>Notre histoire L\u2019association Solinfo s\u2019est constitu\u00e9e en 2002 autour d\u2019une action de formation en informatique au Bangladesh. Cette premi\u00e8re action humanitaire, toujours active, permet de former pr\u00e8s de 300 \u00e9tudiants tous les ans dans nos 11 centres.&nbsp;&nbsp; Aujourd\u2019hui, Solinfo est active dans un peu moins d\u2019une dizaine de pays et intervient au profit de pr\u00e8s [&hellip;]<\/p>\n","protected":false},"author":2,"featured_media":0,"parent":0,"menu_order":0,"comment_status":"closed","ping_status":"closed","template":"","meta":{"footnotes":""},"class_list":["post-16","page","type-page","status-publish","hentry"],"_links":{"self":[{"href":"https:\/\/solinfo.org\/en\/wp-json\/wp\/v2\/pages\/16","targetHints":{"allow":["GET"]}}],"collection":[{"href":"https:\/\/solinfo.org\/en\/wp-json\/wp\/v2\/pages"}],"about":[{"href":"https:\/\/solinfo.org\/en\/wp-json\/wp\/v2\/types\/page"}],"author":[{"embeddable":true,"href":"https:\/\/solinfo.org\/en\/wp-json\/wp\/v2\/users\/2"}],"replies":[{"embeddable":true,"href":"https:\/\/solinfo.org\/en\/wp-json\/wp\/v2\/comments?post=16"}],"version-history":[{"count":4,"href":"https:\/\/solinfo.org\/en\/wp-json\/wp\/v2\/pages\/16\/revisions"}],"predecessor-version":[{"id":1426,"href":"https:\/\/solinfo.org\/en\/wp-json\/wp\/v2\/pages\/16\/revisions\/1426"}],"wp:attachment":[{"href":"https:\/\/solinfo.org\/en\/wp-json\/wp\/v2\/media?parent=16"}],"curies":[{"name":"wp","href":"https:\/\/api.w.org\/{rel}","templated":true}]}}