{"id":1683,"date":"2025-11-11T12:10:52","date_gmt":"2025-11-11T11:10:52","guid":{"rendered":"https:\/\/solinfo.org\/?page_id=1683"},"modified":"2025-11-11T12:13:18","modified_gmt":"2025-11-11T11:13:18","slug":"mentions-legales","status":"publish","type":"page","link":"https:\/\/solinfo.org\/en\/mentions-legales\/","title":{"rendered":"mentions legales"},"content":{"rendered":"<p>INFORMATION EDITEUR :<\/p>\n\n\n\n<p>Le site \u00ab https:\/\/solinfo-ngo.org\/ \u00bb est \u00e9dit\u00e9 par l\u2019association SOLINFO.<\/p>\n\n\n\n<p>Pr\u00e9sident : Edouard Lagourgue<\/p>\n\n\n\n<p>Si\u00e8ge social : 11 rue Miollis, 75015 Paris<\/p>\n\n\n\n<p>SIREN : 799301551<\/p>\n\n\n\n<p>CONDITIONS D\u2019UTILISATION :<\/p>\n\n\n\n<p>L\u2019utilisation de ce site est subordonn\u00e9e \u00e0 l\u2019acceptation de l\u2019int\u00e9gralit\u00e9 des pr\u00e9sentes conditions expos\u00e9es ci-apr\u00e8s.<\/p>\n\n\n\n<p>DROITS DE PROPRIETE :<\/p>\n\n\n\n<p>L\u2019utilisateur du site reconna\u00eet que le contenu du site solinfo-ngo.org est prot\u00e9g\u00e9 par le droit national et international de la propri\u00e9t\u00e9 intellectuelle et qu\u2019il ne peut \u00eatre copi\u00e9, reproduit, re-publi\u00e9, t\u00e9l\u00e9charg\u00e9, post\u00e9, transmis, distribu\u00e9, vendu, exploit\u00e9 ou modifi\u00e9 d\u2019aucune mani\u00e8re que ce soit sans l\u2019autorisation expresse de SOLINFO.<\/p>\n\n\n\n<p>SOLINFO reste propri\u00e9taire exclusif de tous les droits de propri\u00e9t\u00e9 intellectuelle portant sur le site solinfo-ngo.org. Cela comprend notamment, mais sans s\u2019y limiter, les programmes, les donn\u00e9es et \u00e9galement les enregistrements audios, les textes, les images, les graphismes et les vid\u00e9os qui sont prot\u00e9g\u00e9s par la r\u00e8glementation sur le droit de la propri\u00e9t\u00e9 intellectuelle et les droits d\u2019auteur (y compris le droit des brevets et des marques) et les dispositions l\u00e9gales internationales en vigueur relatives \u00e0 la propri\u00e9t\u00e9 intellectuelle.<\/p>\n\n\n\n<p>Les marques et logos figurant sur le site, sont la propri\u00e9t\u00e9 de SOLINFO ou font l\u2019objet d\u2019une autorisation d\u2019utilisation. Aucun droit ou licence ne saurait \u00eatre attribu\u00e9 sur l\u2019un de ces \u00e9l\u00e9ments sans l\u2019autorisation \u00e9crite de SOLINFO ou du tiers d\u00e9tenteur des droits sur les marques ou logos figurant sur le site.<\/p>\n\n\n\n<p>SOLINFO se r\u00e9serve le droit de poursuivre tout acte de contrefa\u00e7on de ses droits de propri\u00e9t\u00e9 intellectuelle, selon l\u2019article L 335-2 et suivants du Code de la propri\u00e9t\u00e9 intellectuelle, y compris dans le cadre d\u2019une action p\u00e9nale.<\/p>\n\n\n\n<p>ACC\u00c8S AU SITE :<\/p>\n\n\n\n<p>SOLINFO mettra en \u0153uvre les moyens requis pour sauvegarder les donn\u00e9es recueillies par elle au cours de l\u2019ex\u00e9cution de ses obligations. Il est toutefois express\u00e9ment reconnu par les parties que cette obligation est une obligation de moyens telle que d\u00e9finie par la jurisprudence.<\/p>\n\n\n\n<p>SOLINFO s\u2019engage par ailleurs \u00e0 mettre en \u0153uvre tous les moyens n\u00e9cessaires pour assurer le fonctionnement, dans des conditions optimales, du site solinfo-ngo.org et des services associ\u00e9s. Dans la mesure du possible, SOLINFO s\u2019efforce de mettre \u00e0 jour les informations pr\u00e9cises \u00e9dit\u00e9es sur ce site.<\/p>\n\n\n\n<p>SOLINFO ne saurait toutefois \u00eatre tenue pour responsable de toute erreur ou omission, des cons\u00e9quences de faits qui lui sont ext\u00e9rieurs, tels que des pannes de courant, arr\u00eats temporaires ou non de la messagerie.<\/p>\n\n\n\n<p>Pour des raisons de maintenance, SOLINFO peut interrompre momentan\u00e9ment l\u2019acc\u00e8s au site solinfo-ngo.org et aux services associ\u00e9s. SOLINFO s\u2019efforcera d\u2019\u00e9viter, dans la mesure du possible, de causer une trop grande g\u00eane aux utilisateurs.<\/p>\n\n\n\n<p>GESTION DES DONN\u00c9ES COLLECT\u00c9ES :<\/p>\n\n\n\n<p>SOLINFO a besoin, dans le cas o\u00f9 l\u2019utilisateur souhaite recevoir les actualit\u00e9s et informations commerciales par voie \u00e9lectronique ou prendre contact avec la soci\u00e9t\u00e9 de collecter des donn\u00e9es personnelles li\u00e9es \u00e0 l\u2019utilisateur \u00e0 partir du site telles que la soci\u00e9t\u00e9, la civilit\u00e9, le nom, le pr\u00e9nom, l\u2019adresse e-mail.<\/p>\n\n\n\n<p>Ces donn\u00e9es sont recueillies \u00e0 des fins professionnelles par SOLINFO et ne seront pas transmises \u00e0 des tiers sans acceptation pr\u00e9alable.<\/p>\n\n\n\n<p>Conform\u00e9ment \u00e0 la Loi Informatique et Libert\u00e9s du 6 janvier 1978 :<\/p>\n\n\n\n<p>Les donn\u00e9es recueillies lors d\u2019une demande d\u2019information \u00e9manant de la part d\u2019un utilisateur sont n\u00e9cessaires \u00e0 la gestion de cette demande. Ces informations sont destin\u00e9es \u00e0 la soci\u00e9t\u00e9.<\/p>\n\n\n\n<p>SOLINFO qui est responsable de ce traitement. L\u2019adresse e-mail recueillie ne sert qu\u2019\u00e0 r\u00e9pondre dans les meilleurs d\u00e9lais et ne sera pas remise \u00e0 des tiers.<\/p>\n\n\n\n<p>GESTION DES COOKIES :<\/p>\n\n\n\n<p>SOLINFO collecte automatiquement des informations vous concernant gr\u00e2ce \u00e0 des cookies permettant de suivre votre navigation au sein du Site.<\/p>\n\n\n\n<p>Les cookies sont des identifiants alphanum\u00e9riques transf\u00e9r\u00e9s sur le disque dur de votre ordinateur via son navigateur Internet qui permettent \u00e0 la soci\u00e9t\u00e9 SOLINFO de reconna\u00eetre ce navigateur et ainsi de vous proposer des fonctions plus innovantes et plus attractives. Vous pouvez toutefois configurer votre ordinateur pour qu\u2019il bloque l\u2019enregistrement des cookies.<\/p>\n\n\n\n<p>DROIT D\u2019ACCES AUX INFORMATIONS :<\/p>\n\n\n\n<p>Conform\u00e9ment \u00e0 la loi \u00ab informatique et libert\u00e9s \u00bb du 6 janvier 1 978 modifi\u00e9e en 2004, tout utilisateur du site https:\/\/solinfo-ngo.org dispose d\u2019un droit d\u2019acc\u00e8s, de rectification, de modification et de suppression concernant les donn\u00e9es qui le concerne. Pour exercer ce droit, l\u2019utilisateur est invit\u00e9 \u00e0 prendre contact avec SOLINFO par :<\/p>\n\n\n\n<p>T\u00e9l\u00e9phone : 01 42 66 49 39<\/p>\n\n\n\n<p>Mail : solinfo.paris@gmail.com<\/p>\n\n\n\n<p>DROIT APPLICABLE :<\/p>\n\n\n\n<p>Les pr\u00e9sentes dispositions sont soumises au droit fran\u00e7ais.<\/p>\n\n\n\n<p>PROPRIETE INTELLECTUELLE :<\/p>\n\n\n\n<p>Les photographies, les slogans, dessins, images, logos, cartographies, s\u00e9quences anim\u00e9es ou non ainsi que toutes \u0153uvres int\u00e9gr\u00e9s dans le site sont la propri\u00e9t\u00e9 de SOLINFO ou de tiers l\u2019ayant autoris\u00e9e \u00e0 les utiliser.<\/p>\n\n\n\n<p>Les reproductions sur un support papier ou informatique du site et des documents qui y sont reproduits sont autoris\u00e9es dans le seul but d\u2019informer, excluant tout usage \u00e0 des fins publicitaires, commerciales, d\u2019informations, qu\u2019elles soient conformes aux dispositions de l\u2019article L 122-5 du code de la propri\u00e9t\u00e9 intellectuelle, sans autorisation pr\u00e9alable.<\/p>\n\n\n\n<p>Conform\u00e9ment au code de la propri\u00e9t\u00e9 intellectuelle, toute repr\u00e9sentation ou reproduction int\u00e9grale ou partielle, des pages, des donn\u00e9es et de tout autre \u00e9l\u00e9ment constitutif au site sur quelque support que ce soit, non express\u00e9ment autoris\u00e9e par le responsable du site serait illicite et constituerait une contre fa\u00e7on sanctionn\u00e9e par les articles L.335-2 et suivants du code de la propri\u00e9t\u00e9 intellectuelle.<\/p>\n\n\n\n<p>INFORMATION RELATIVE AU TRAITEMENT DES RECLAMATIONS :<\/p>\n\n\n\n<p>En cas de r\u00e9clamation, vous pouvez vous adresser par \u00e9crit \u00e0 l\u2019adresse suivante :<\/p>\n\n\n\n<p>SOLINFO, 11 rue Miollis, 75015 Paris \u2013 ou par mail \u00e0 l\u2019adresse : solinfo.paris@gmail.com<\/p>\n\n\n\n<p>SOLINFO s\u2019engage \u00e0 accuser r\u00e9ception de votre r\u00e9clamation dans les 3 jours et \u00e0 vous fournir une r\u00e9ponse dans un d\u00e9lai maximum d\u2019un mois.<\/p>\n\n\n\n<p>HEBERGEMENT :<\/p>\n\n\n\n<p>OVH<\/p>\n\n\n\n<p>2 rue Kellermann \u2013 BP 80157 \u2013 59053 Roubaix Cedex 1<\/p>\n\n\n\n<p>SIREN : 424 761 419<\/p>\n\n\n\n<p>CR\u00c9ATION GRAPHIQUE ET D\u00c9VELOPPEMENT DU SITE :<\/p>\n\n\n\n<p>Guillaume est un consultant IT ind\u00e9pendant,&nbsp;sp\u00e9cialis\u00e9&nbsp;dans le tourisme, le Coliving, le Coworking and Hotellerie. Guillaume a donn\u00e9 de son temps et de son talent pour Solinfo.&nbsp;&nbsp;Guillaume Boubert \/ https:\/\/www.linkedin.com\/in\/guillaumeboubert\/&nbsp;<\/p>","protected":false},"excerpt":{"rendered":"<p>INFORMATION EDITEUR : Le site \u00ab https:\/\/solinfo-ngo.org\/ \u00bb est \u00e9dit\u00e9 par l\u2019association SOLINFO. Pr\u00e9sident : Edouard Lagourgue Si\u00e8ge social : 11 rue Miollis, 75015 Paris SIREN : 799301551 CONDITIONS D\u2019UTILISATION : L\u2019utilisation de ce site est subordonn\u00e9e \u00e0 l\u2019acceptation de l\u2019int\u00e9gralit\u00e9 des pr\u00e9sentes conditions expos\u00e9es ci-apr\u00e8s. DROITS DE PROPRIETE : L\u2019utilisateur du site reconna\u00eet que [&hellip;]<\/p>\n","protected":false},"author":2,"featured_media":0,"parent":0,"menu_order":0,"comment_status":"closed","ping_status":"closed","template":"","meta":{"footnotes":""},"class_list":["post-1683","page","type-page","status-publish","hentry"],"_links":{"self":[{"href":"https:\/\/solinfo.org\/en\/wp-json\/wp\/v2\/pages\/1683","targetHints":{"allow":["GET"]}}],"collection":[{"href":"https:\/\/solinfo.org\/en\/wp-json\/wp\/v2\/pages"}],"about":[{"href":"https:\/\/solinfo.org\/en\/wp-json\/wp\/v2\/types\/page"}],"author":[{"embeddable":true,"href":"https:\/\/solinfo.org\/en\/wp-json\/wp\/v2\/users\/2"}],"replies":[{"embeddable":true,"href":"https:\/\/solinfo.org\/en\/wp-json\/wp\/v2\/comments?post=1683"}],"version-history":[{"count":2,"href":"https:\/\/solinfo.org\/en\/wp-json\/wp\/v2\/pages\/1683\/revisions"}],"predecessor-version":[{"id":1688,"href":"https:\/\/solinfo.org\/en\/wp-json\/wp\/v2\/pages\/1683\/revisions\/1688"}],"wp:attachment":[{"href":"https:\/\/solinfo.org\/en\/wp-json\/wp\/v2\/media?parent=1683"}],"curies":[{"name":"wp","href":"https:\/\/api.w.org\/{rel}","templated":true}]}}