{"id":1692,"date":"2025-11-11T13:44:36","date_gmt":"2025-11-11T12:44:36","guid":{"rendered":"https:\/\/solinfo.org\/?page_id=1692"},"modified":"2025-11-11T17:05:47","modified_gmt":"2025-11-11T16:05:47","slug":"burundi","status":"publish","type":"page","link":"https:\/\/solinfo.org\/en\/burundi\/","title":{"rendered":"Burundi"},"content":{"rendered":"<h1 class=\"wp-block-heading has-text-align-center has-xx-large-font-size\">Burundi<\/h1>\n\n\n\n<div style=\"height:20px\" aria-hidden=\"true\" class=\"wp-block-spacer\"><\/div>\n\n\n\n<div class=\"wp-block-group alignfull has-accent-background-color has-background has-global-padding is-layout-constrained wp-container-core-group-is-layout-867c3d7b wp-block-group-is-layout-constrained\" style=\"margin-top:0;margin-bottom:0;padding-top:var(--wp--preset--spacing--30);padding-right:var(--wp--preset--spacing--30);padding-bottom:var(--wp--preset--spacing--30);padding-left:var(--wp--preset--spacing--30)\">\n<div class=\"wp-block-columns alignwide is-layout-flex wp-container-core-columns-is-layout-1da03c2a wp-block-columns-is-layout-flex\">\n<div class=\"wp-block-column is-vertically-aligned-stretch is-layout-flow wp-block-column-is-layout-flow\" style=\"flex-basis:50%\">\n<div class=\"wp-block-group is-vertical is-content-justification-stretch is-layout-flex wp-container-core-group-is-layout-444d5ee8 wp-block-group-is-layout-flex\" style=\"min-height:100%\">\n<h2 class=\"wp-block-heading\">Country context<\/h2>\n\n\n\n<p class=\"has-medium-font-size\" style=\"line-height:1.5\">Burundi is one of the poorest countries in the world: more than two-thirds of its population lives below the poverty line. Predominantly rural (nearly 90%), the population depends on subsistence agriculture, even as pressure on arable land intensifies due to rapid demographic growth. <\/p>\n\n\n\n<p class=\"has-medium-font-size\" style=\"line-height:1.5\">The country has faced a political and security crisis for years, with no real resolution, marked by recurrent tensions and chronic instability that hinder any prospects for sustainable development. These structural vulnerabilities\u2014persistent poverty, food insecurity, limited access to education and healthcare\u2014maintain a cycle of precarity that is difficult to break.<\/p>\n\n\n\n<p>Burundi\u2019s economy remains poorly diversified, heavily dependent on agriculture and therefore particularly vulnerable to climate shocks, soil degradation, and fluctuations in international markets. Infrastructure is insufficient, job opportunities are scarce, and rural exodus is increasing, especially among young people.<\/p>\n\n\n\n<p class=\"has-medium-font-size\" style=\"line-height:1.5\">In this context, Solinfo supported Burundian youth through a food self-sufficiency project based on agriculture and goat rearing. This program, built on a virtuous economic cycle, not only improved food security for beneficiary families but also encouraged the return to school and social empowerment of the participating youth. Thanks to local support and a sustainability-focused approach, the initiative helped restore hope to a generation often left behind.<\/p>\n\n\n\n<div class=\"wp-block-group has-global-padding is-content-justification-left is-layout-constrained wp-container-core-group-is-layout-9fe8ed88 wp-block-group-is-layout-constrained\">\n<div class=\"wp-block-buttons is-layout-flex wp-block-buttons-is-layout-flex\">\n<div class=\"wp-block-button\"><a class=\"wp-block-button__link wp-element-button\" href=\"https:\/\/www.helloasso.com\/associations\/solinfo\/formulaires\/1\">Support us<\/a><\/div>\n<\/div>\n<\/div>\n<\/div>\n<\/div>\n\n\n\n<div class=\"wp-block-column is-vertically-aligned-center is-layout-flow wp-block-column-is-layout-flow\" style=\"flex-basis:50%\">\n<figure class=\"wp-block-image size-full is-style-rounded is-style-rounded--1\"><img loading=\"lazy\" decoding=\"async\" width=\"500\" height=\"626\" src=\"https:\/\/solinfo.org\/wp-content\/uploads\/2025\/11\/burundi-site.jpg\" alt=\"\" class=\"wp-image-1720\" style=\"aspect-ratio:3\/4;object-fit:contain\" srcset=\"https:\/\/solinfo.org\/wp-content\/uploads\/2025\/11\/burundi-site.jpg 500w, https:\/\/solinfo.org\/wp-content\/uploads\/2025\/11\/burundi-site-240x300.jpg 240w\" sizes=\"auto, (max-width: 500px) 100vw, 500px\" \/><\/figure>\n<\/div>\n<\/div>\n<\/div>\n\n\n\n<div class=\"wp-block-group alignfull has-base-background-color has-background has-global-padding is-layout-constrained wp-container-core-group-is-layout-f97f3124 wp-block-group-is-layout-constrained\" style=\"margin-top:0;margin-bottom:0;padding-top:var(--wp--preset--spacing--50);padding-right:var(--wp--preset--spacing--20);padding-bottom:var(--wp--preset--spacing--50);padding-left:var(--wp--preset--spacing--20)\">\n<div class=\"wp-block-columns alignwide is-layout-flex wp-container-core-columns-is-layout-549b0c86 wp-block-columns-is-layout-flex\">\n<div class=\"wp-block-column has-global-padding is-content-justification-center is-layout-constrained wp-block-column-is-layout-constrained\" style=\"flex-basis:40%\">\n<figure class=\"wp-block-image size-full\"><img loading=\"lazy\" decoding=\"async\" width=\"500\" height=\"614\" src=\"https:\/\/solinfo.org\/wp-content\/uploads\/2025\/11\/burundi-site-2.jpg\" alt=\"\" class=\"wp-image-1722\" style=\"aspect-ratio:2\/3;object-fit:cover\" srcset=\"https:\/\/solinfo.org\/wp-content\/uploads\/2025\/11\/burundi-site-2.jpg 500w, https:\/\/solinfo.org\/wp-content\/uploads\/2025\/11\/burundi-site-2-244x300.jpg 244w\" sizes=\"auto, (max-width: 500px) 100vw, 500px\" \/><\/figure>\n<\/div>\n\n\n\n<div class=\"wp-block-column is-vertically-aligned-center is-layout-flow wp-container-core-column-is-layout-119bc444 wp-block-column-is-layout-flow\" style=\"flex-basis:60%\">\n<h2 class=\"wp-block-heading has-text-align-center is-style-asterisk\">History of Solinfo in Burundi<\/h2>\n\n\n\n<div class=\"wp-block-columns is-layout-flex wp-container-core-columns-is-layout-87beb0d0 wp-block-columns-is-layout-flex\">\n<div class=\"wp-block-column is-layout-flow wp-block-column-is-layout-flow\">\n<p>This program, now completed, is emblematic of the way we operate.<\/p>\n\n\n\n<p>Following a request from the Burundian community engaged with vulnerable youth and wishing to support the country\u2019s younger generation, Solinfo carried out an exploratory mission in Burundi. After this mission, Solinfo decided to support an existing local initiative led by a religious community. <\/p>\n\n\n\n<p>The project aimed to support young people and their families through a pastoral activity generating income. <\/p>\n\n\n\n<p>Finding this initiative very promising, Solinfo strengthened the project by further developing it and adding agricultural income-generating activities alongside the pastoral ones.<\/p>\n<\/div>\n\n\n\n<div class=\"wp-block-column is-layout-flow wp-block-column-is-layout-flow\">\n<p>This project became financially autonomous within a year and a half. <\/p>\n\n\n\n<p>Solinfo then supported the creation of a second, identical project with another local organization, JJB\u2014Jumelage Jeunesse pour le Bien-\u00eatre des Enfants et des Jeunes\u2014working closely with the religious congregation to expand this initiative to several regions of the country.<\/p>\n\n\n\n<p>This commitment to supporting our partners toward financial autonomy is one of our core principles. <\/p>\n\n\n\n<p>Wherever possible, we seek to help local associations take ownership of their project\u2019s funding. This requires identifying income sources at the local level to limit dependence on international donors.&nbsp; &nbsp; &nbsp;<\/p>\n<\/div>\n<\/div>\n<\/div>\n<\/div>\n<\/div>\n\n\n\n<div class=\"wp-block-group alignfull has-accent-5-background-color has-background has-global-padding is-layout-constrained wp-container-core-group-is-layout-867c3d7b wp-block-group-is-layout-constrained\" style=\"margin-top:0;margin-bottom:0;padding-top:var(--wp--preset--spacing--30);padding-right:var(--wp--preset--spacing--30);padding-bottom:var(--wp--preset--spacing--30);padding-left:var(--wp--preset--spacing--30)\">\n<div class=\"wp-block-columns alignwide is-layout-flex wp-container-core-columns-is-layout-1da03c2a wp-block-columns-is-layout-flex\">\n<div class=\"wp-block-column is-vertically-aligned-stretch is-layout-flow wp-block-column-is-layout-flow\" style=\"flex-basis:50%\">\n<div class=\"wp-block-group is-vertical is-content-justification-stretch is-layout-flex wp-container-core-group-is-layout-444d5ee8 wp-block-group-is-layout-flex\" style=\"min-height:100%\">\n<h2 class=\"wp-block-heading\"><strong>Description of activities<\/strong><\/h2>\n\n\n\n<p class=\"has-medium-font-size\" style=\"line-height:1.5\">The goal of the Burundi AgriSchool project was to enable young people aged 12 to 18 to develop a virtuous economic process based on modern agriculture.<\/p>\n\n\n\n<p>Through income-generating activities involving goat rearing and vegetable farming, the young participants supported by Solinfo contributed to a solidarity fund that allowed them to purchase their school supplies and uniforms.<\/p>\n\n\n\n<p>Very low-cost and highly effective given the level of poverty in Burundi, the AgriSchool project was designed to spread ecological, more modern, and more productive agricultural techniques among families who often rely on traditional methods that are sometimes less efficient.<\/p>\n\n\n\n<p>The sale of harvests, goats over five years old, young male goats, and manure helped supply the solidarity fund for each center.<\/p>\n\n\n\n<p>As the goat herd increases with each new birth, the solidarity fund grows accordingly. Each center therefore becomes financially autonomous within a maximum of two years.<\/p>\n\n\n\n<div class=\"wp-block-group has-global-padding is-content-justification-left is-layout-constrained wp-container-core-group-is-layout-9fe8ed88 wp-block-group-is-layout-constrained\">\n<div class=\"wp-block-buttons is-layout-flex wp-block-buttons-is-layout-flex\">\n<div class=\"wp-block-button\"><a class=\"wp-block-button__link wp-element-button\" href=\"https:\/\/www.helloasso.com\/associations\/solinfo\/formulaires\/1\">Support us<\/a><\/div>\n<\/div>\n<\/div>\n<\/div>\n<\/div>\n\n\n\n<div class=\"wp-block-column is-vertically-aligned-center is-layout-flow wp-block-column-is-layout-flow\" style=\"flex-basis:50%\">\n<figure class=\"wp-block-image size-full is-resized is-style-rounded is-style-rounded--2\"><img loading=\"lazy\" decoding=\"async\" width=\"500\" height=\"607\" src=\"https:\/\/solinfo.org\/wp-content\/uploads\/2025\/11\/burundi-equipe.jpg\" alt=\"\" class=\"wp-image-1724\" style=\"aspect-ratio:0.75;object-fit:contain;width:580px;height:auto\" srcset=\"https:\/\/solinfo.org\/wp-content\/uploads\/2025\/11\/burundi-equipe.jpg 500w, https:\/\/solinfo.org\/wp-content\/uploads\/2025\/11\/burundi-equipe-247x300.jpg 247w\" sizes=\"auto, (max-width: 500px) 100vw, 500px\" \/><\/figure>\n<\/div>\n<\/div>\n<\/div>","protected":false},"excerpt":{"rendered":"<p>Burundi Contexte du Pays Le Burundi est l\u2019un des pays les plus pauvres au monde : plus des deux tiers de sa population vivent sous le seuil de pauvret\u00e9. Majoritairement rurale (pr\u00e8s de 90 %), la population d\u00e9pend d\u2019une agriculture de subsistance, alors m\u00eame que la pression sur les terres s\u2019intensifie sous l\u2019effet d\u2019une d\u00e9mographie [&hellip;]<\/p>\n","protected":false},"author":2,"featured_media":1718,"parent":0,"menu_order":0,"comment_status":"closed","ping_status":"closed","template":"","meta":{"footnotes":""},"class_list":["post-1692","page","type-page","status-publish","has-post-thumbnail","hentry"],"_links":{"self":[{"href":"https:\/\/solinfo.org\/en\/wp-json\/wp\/v2\/pages\/1692","targetHints":{"allow":["GET"]}}],"collection":[{"href":"https:\/\/solinfo.org\/en\/wp-json\/wp\/v2\/pages"}],"about":[{"href":"https:\/\/solinfo.org\/en\/wp-json\/wp\/v2\/types\/page"}],"author":[{"embeddable":true,"href":"https:\/\/solinfo.org\/en\/wp-json\/wp\/v2\/users\/2"}],"replies":[{"embeddable":true,"href":"https:\/\/solinfo.org\/en\/wp-json\/wp\/v2\/comments?post=1692"}],"version-history":[{"count":10,"href":"https:\/\/solinfo.org\/en\/wp-json\/wp\/v2\/pages\/1692\/revisions"}],"predecessor-version":[{"id":1775,"href":"https:\/\/solinfo.org\/en\/wp-json\/wp\/v2\/pages\/1692\/revisions\/1775"}],"wp:featuredmedia":[{"embeddable":true,"href":"https:\/\/solinfo.org\/en\/wp-json\/wp\/v2\/media\/1718"}],"wp:attachment":[{"href":"https:\/\/solinfo.org\/en\/wp-json\/wp\/v2\/media?parent=1692"}],"curies":[{"name":"wp","href":"https:\/\/api.w.org\/{rel}","templated":true}]}}