{"id":1729,"date":"2025-11-11T15:25:27","date_gmt":"2025-11-11T14:25:27","guid":{"rendered":"https:\/\/solinfo.org\/?page_id=1729"},"modified":"2025-11-22T22:07:09","modified_gmt":"2025-11-22T21:07:09","slug":"nos-partenaires","status":"publish","type":"page","link":"https:\/\/solinfo.org\/en\/nos-partenaires\/","title":{"rendered":"Our partners"},"content":{"rendered":"<div class=\"wp-block-group alignfull has-accent-background-color has-background has-global-padding is-layout-constrained wp-container-core-group-is-layout-ee0c50fe wp-block-group-is-layout-constrained\" style=\"margin-top:0;margin-bottom:0;padding-top:var(--wp--preset--spacing--10);padding-right:var(--wp--preset--spacing--30);padding-bottom:var(--wp--preset--spacing--10);padding-left:var(--wp--preset--spacing--30)\">\n<div class=\"wp-block-group alignwide has-global-padding is-layout-constrained wp-container-core-group-is-layout-a4e526f7 wp-block-group-is-layout-constrained\" style=\"padding-top:0;padding-bottom:0\">\n<div class=\"wp-block-group alignwide is-vertical is-content-justification-center is-layout-flex wp-container-core-group-is-layout-3f0338aa wp-block-group-is-layout-flex\" style=\"margin-top:0;margin-bottom:0;padding-top:0;padding-bottom:0\">\n<h2 class=\"wp-block-heading has-text-align-center is-style-asterisk\">Our partners and local teams<\/h2>\n\n\n\n<p class=\"has-text-align-center\"><br>Solinfo relies on local structures or teams recruited in the countries where we operate. We build project-based partnerships with local NGOs and set an annual program for each beneficiary country. Our programs are co-created, designed and implemented by combining deep field knowledge with the necessary technical, administrative, and financial expertise.<\/p>\n<\/div>\n<\/div>\n\n\n\n<div style=\"height:20px\" aria-hidden=\"true\" class=\"wp-block-spacer\"><\/div>\n\n\n\n<div class=\"wp-block-group alignwide has-global-padding is-layout-constrained wp-container-core-group-is-layout-a4e526f7 wp-block-group-is-layout-constrained\" style=\"padding-top:0;padding-bottom:0\">\n<div class=\"wp-block-columns alignwide is-layout-flex wp-container-core-columns-is-layout-d1c656ed wp-block-columns-is-layout-flex\">\n<div class=\"wp-block-column is-vertically-aligned-center is-layout-flow wp-block-column-is-layout-flow\" style=\"flex-basis:50%\">\n<h3 class=\"wp-block-heading is-style-default\">Local teams<\/h3>\n\n\n\n<p>Depending on the nature of the projects, these local organizations contribute their contextual knowledge, technical expertise, and direct connection with the communities.<\/p>\n\n\n\n<p>Our partnerships are built over time, founded on trust, mutual respect, and a shared commitment to professionalism.<\/p>\n\n\n\n<p>Solinfo works alongside them as a committed and rigorous ally, dedicated to sharing methods, skills, and decision-making, and ensuring transparent collaboration on every project carried out together.<\/p>\n\n\n\n<p>These women and men\u2014often from the local communities\u2014translate our values into action: rigor, solidarity, respect for people, and a results-oriented mindset.<\/p>\n\n\n\n<p>Supervised by our program managers, they ensure the continuity and quality of our interventions while contributing to the strengthening of local capacities.<\/p>\n\n\n\n<p>At Solinfo, we consider our teams\u2014both here and in the field\u2014as the beating heart of humanitarian action. They embody, day after day, the will to build sustainable and context-appropriate responses to the challenges we face.<\/p>\n<\/div>\n\n\n\n<div class=\"wp-block-column is-vertically-aligned-center is-layout-flow wp-block-column-is-layout-flow\" style=\"flex-basis:50%\">\n<figure class=\"wp-block-image aligncenter size-full is-resized is-style-rounded is-style-rounded--1\"><img loading=\"lazy\" decoding=\"async\" width=\"1920\" height=\"2560\" src=\"https:\/\/solinfo.org\/wp-content\/uploads\/2025\/11\/Seance-collecte-dessin-art-therapie-avec-Naji-scaled.jpeg\" alt=\"\" class=\"wp-image-2102\" style=\"width:auto;height:600px\" srcset=\"https:\/\/solinfo.org\/wp-content\/uploads\/2025\/11\/Seance-collecte-dessin-art-therapie-avec-Naji-scaled.jpeg 1920w, https:\/\/solinfo.org\/wp-content\/uploads\/2025\/11\/Seance-collecte-dessin-art-therapie-avec-Naji-225x300.jpeg 225w, https:\/\/solinfo.org\/wp-content\/uploads\/2025\/11\/Seance-collecte-dessin-art-therapie-avec-Naji-768x1024.jpeg 768w, https:\/\/solinfo.org\/wp-content\/uploads\/2025\/11\/Seance-collecte-dessin-art-therapie-avec-Naji-1152x1536.jpeg 1152w, https:\/\/solinfo.org\/wp-content\/uploads\/2025\/11\/Seance-collecte-dessin-art-therapie-avec-Naji-1536x2048.jpeg 1536w\" sizes=\"auto, (max-width: 1920px) 100vw, 1920px\" \/><\/figure>\n<\/div>\n<\/div>\n\n\n\n<div style=\"height:min(4rem, 5vw);width:0px\" aria-hidden=\"true\" class=\"wp-block-spacer\"><\/div>\n<\/div>\n<\/div>\n\n\n\n<div class=\"wp-block-group alignfull has-base-2-background-color has-background has-global-padding is-layout-constrained wp-container-core-group-is-layout-edc2874e wp-block-group-is-layout-constrained\" style=\"margin-top:0;margin-bottom:0;padding-top:var(--wp--preset--spacing--20);padding-right:var(--wp--preset--spacing--50);padding-bottom:var(--wp--preset--spacing--20);padding-left:var(--wp--preset--spacing--50)\">\n<div class=\"wp-block-group is-vertical is-content-justification-center is-layout-flex wp-container-core-group-is-layout-b939bff0 wp-block-group-is-layout-flex\">\n<h2 class=\"wp-block-heading has-text-align-center is-style-asterisk\">Solinfo\u2019s Local Teams<\/h2>\n<\/div>\n\n\n\n<div class=\"wp-block-group is-vertical is-content-justification-center is-layout-flex wp-container-core-group-is-layout-52b864f0 wp-block-group-is-layout-flex\">\n<div style=\"height:0px\" aria-hidden=\"true\" class=\"wp-block-spacer wp-container-content-4f2ccadb\"><\/div>\n<\/div>\n\n\n\n<div class=\"wp-block-columns alignwide is-layout-flex wp-container-core-columns-is-layout-d0bbbce0 wp-block-columns-is-layout-flex\">\n<div class=\"wp-block-column is-layout-flow wp-container-core-column-is-layout-e3d1c41b wp-block-column-is-layout-flow\">\n<h3 class=\"wp-block-heading has-text-align-left is-style-default has-body-font-family has-medium-font-size\" style=\"font-style:normal;font-weight:600\">Iraqi Kurdistan<\/h3>\n\n\n\n<p class=\"has-text-align-left\"><strong>Rozan<\/strong> <strong>Salah<\/strong><\/p>\n\n\n\n<figure class=\"wp-block-image size-full\"><img loading=\"lazy\" decoding=\"async\" width=\"499\" height=\"375\" src=\"https:\/\/solinfo.org\/wp-content\/uploads\/2025\/11\/Art-Therapie-Rozan-Drt-prison-prison-Erbil_site.jpg\" alt=\"\" class=\"wp-image-1753\" srcset=\"https:\/\/solinfo.org\/wp-content\/uploads\/2025\/11\/Art-Therapie-Rozan-Drt-prison-prison-Erbil_site.jpg 499w, https:\/\/solinfo.org\/wp-content\/uploads\/2025\/11\/Art-Therapie-Rozan-Drt-prison-prison-Erbil_site-300x225.jpg 300w\" sizes=\"auto, (max-width: 499px) 100vw, 499px\" \/><\/figure>\n\n\n\n<p class=\"has-text-align-left\">Graduated in counseling and psychological education, she is also an art-therapy facilitator in the juvenile girls\u2019 prison of Erbil. Assisted by Hevi, a social educator, she conducts a weekly session with these young girls.<\/p>\n<\/div>\n\n\n\n<div class=\"wp-block-column is-layout-flow wp-container-core-column-is-layout-e3d1c41b wp-block-column-is-layout-flow\">\n<h3 class=\"wp-block-heading has-text-align-left is-style-default has-body-font-family has-medium-font-size\" style=\"font-style:normal;font-weight:600\">Iraqi Kurdistan<\/h3>\n\n\n\n<p class=\"has-text-align-left\"><strong>Whatiq Aziz Alsaydiasoul<\/strong><\/p>\n\n\n\n<figure class=\"wp-block-image size-full\"><img loading=\"lazy\" decoding=\"async\" width=\"493\" height=\"375\" src=\"https:\/\/solinfo.org\/wp-content\/uploads\/2025\/11\/Dr-Wathiq-site.jpeg\" alt=\"\" class=\"wp-image-1752\" srcset=\"https:\/\/solinfo.org\/wp-content\/uploads\/2025\/11\/Dr-Wathiq-site.jpeg 493w, https:\/\/solinfo.org\/wp-content\/uploads\/2025\/11\/Dr-Wathiq-site-300x228.jpeg 300w\" sizes=\"auto, (max-width: 493px) 100vw, 493px\" \/><\/figure>\n\n\n\n<p class=\"has-text-align-left\">A Syrian refugee doctor in Iraq, he runs\u2014with the support of Lava Ali Janbly, the program\u2019s nurse\u2014a medical consultation service for widows and orphans in the Domiz refugee camp near Dohuk.<\/p>\n<\/div>\n\n\n\n<div class=\"wp-block-column is-layout-flow wp-container-core-column-is-layout-e3d1c41b wp-block-column-is-layout-flow\">\n<h3 class=\"wp-block-heading has-text-align-left is-style-default has-body-font-family has-medium-font-size\" style=\"font-style:normal;font-weight:600\">Iraqi Kurdistan<\/h3>\n\n\n\n<p class=\"has-text-align-left\"><strong>Khalida<\/strong>&nbsp;<strong>Mohammed Adib<\/strong><\/p>\n\n\n\n<figure class=\"wp-block-image size-full\"><img loading=\"lazy\" decoding=\"async\" width=\"498\" height=\"376\" src=\"https:\/\/solinfo.org\/wp-content\/uploads\/2025\/11\/Khalidja-1.jpeg\" alt=\"\" class=\"wp-image-1754\" srcset=\"https:\/\/solinfo.org\/wp-content\/uploads\/2025\/11\/Khalidja-1.jpeg 498w, https:\/\/solinfo.org\/wp-content\/uploads\/2025\/11\/Khalidja-1-300x227.jpeg 300w\" sizes=\"auto, (max-width: 498px) 100vw, 498px\" \/><\/figure>\n\n\n\n<p class=\"has-text-align-left\">She oversees the organization of the consultations, the supply of medical consumables, and the administrative aspects of the project.<\/p>\n<\/div>\n<\/div>\n\n\n\n<div style=\"height:min(1.5rem, 2vw);width:0px\" aria-hidden=\"true\" class=\"wp-block-spacer\"><\/div>\n<\/div>\n\n\n\n<div class=\"wp-block-group alignfull has-base-2-background-color has-background has-global-padding is-layout-constrained wp-container-core-group-is-layout-aff63992 wp-block-group-is-layout-constrained\" style=\"margin-top:0;margin-bottom:0;padding-top:0;padding-right:var(--wp--preset--spacing--50);padding-bottom:0;padding-left:var(--wp--preset--spacing--50)\">\n<div class=\"wp-block-columns alignwide is-layout-flex wp-container-core-columns-is-layout-d0bbbce0 wp-block-columns-is-layout-flex\">\n<div class=\"wp-block-column is-layout-flow wp-container-core-column-is-layout-e3d1c41b wp-block-column-is-layout-flow\">\n<h3 class=\"wp-block-heading has-text-align-left is-style-default has-body-font-family has-medium-font-size\" style=\"font-style:normal;font-weight:600\">Bangladesh<\/h3>\n\n\n\n<p><strong>Sultana Afroage <\/strong><\/p>\n\n\n\n<p class=\"has-text-align-left\">Country Manager Solinfo Bangladesh<\/p>\n\n\n\n<figure class=\"wp-block-image size-full\"><img loading=\"lazy\" decoding=\"async\" width=\"500\" height=\"375\" src=\"https:\/\/solinfo.org\/wp-content\/uploads\/2025\/10\/site-bgld_sultana-small.jpg\" alt=\"\" class=\"wp-image-1281\" srcset=\"https:\/\/solinfo.org\/wp-content\/uploads\/2025\/10\/site-bgld_sultana-small.jpg 500w, https:\/\/solinfo.org\/wp-content\/uploads\/2025\/10\/site-bgld_sultana-small-300x225.jpg 300w\" sizes=\"auto, (max-width: 500px) 100vw, 500px\" \/><\/figure>\n\n\n\n<p class=\"has-text-align-left\">Sultana is the soul and driving force of our program in Bangladesh. Present since the very beginning, she has managed it for over 20 years. True to our apolitical and multifaith values, Sultana leads a team of 10 teachers and 2 assistants to run our network of centers and offer a future to more than 300 young adults, both girls and boys.<\/p>\n<\/div>\n\n\n\n<div class=\"wp-block-column is-layout-flow wp-container-core-column-is-layout-e3d1c41b wp-block-column-is-layout-flow\">\n<h3 class=\"wp-block-heading has-text-align-left is-style-default has-body-font-family has-medium-font-size\" style=\"font-style:normal;font-weight:600\">Syria<\/h3>\n\n\n\n<p><strong>Mustapha H\u00eelsen<\/strong><\/p>\n\n\n\n<p class=\"has-text-align-left\">Country Manager Syria<\/p>\n\n\n\n<figure class=\"wp-block-image size-full\"><img loading=\"lazy\" decoding=\"async\" width=\"496\" height=\"372\" src=\"https:\/\/solinfo.org\/wp-content\/uploads\/2025\/11\/Mustafa-Hilsen-directeur-pays-NES-site.jpeg\" alt=\"\" class=\"wp-image-1759\" srcset=\"https:\/\/solinfo.org\/wp-content\/uploads\/2025\/11\/Mustafa-Hilsen-directeur-pays-NES-site.jpeg 496w, https:\/\/solinfo.org\/wp-content\/uploads\/2025\/11\/Mustafa-Hilsen-directeur-pays-NES-site-300x225.jpeg 300w\" sizes=\"auto, (max-width: 496px) 100vw, 496px\" \/><\/figure>\n\n\n\n<p class=\"has-text-align-left\">Country Director for Syria, Mustapha holds a degree in philosophy. During the war in Syria, he was actively involved in risk-prevention work with students in Northeast Syria as part of civil protection efforts. He now leads Solinfo\u2019s psychosocial support programs in Syria, as well as our medical assistance and health-prevention activities in Raqqa.<\/p>\n\n\n\n<p class=\"has-text-align-left\">With the support of Driss, he coordinates our partner NGOs such as Seil in Koban\u00e9 and Save Land in Raqqa.<\/p>\n<\/div>\n\n\n\n<div class=\"wp-block-column is-layout-flow wp-container-core-column-is-layout-e3d1c41b wp-block-column-is-layout-flow\">\n<h3 class=\"wp-block-heading has-text-align-left is-style-default has-body-font-family has-medium-font-size\" style=\"font-style:normal;font-weight:600\"><\/h3>\n\n\n\n<p><\/p>\n\n\n\n<p class=\"has-text-align-left\"><\/p>\n\n\n\n<p class=\"has-text-align-left\"><\/p>\n<\/div>\n<\/div>\n\n\n\n<div style=\"height:min(1.5rem, 2vw);width:0px\" aria-hidden=\"true\" class=\"wp-block-spacer\"><\/div>\n<\/div>\n\n\n\n<div class=\"wp-block-group alignfull has-base-2-background-color has-background has-global-padding is-layout-constrained wp-container-core-group-is-layout-edc2874e wp-block-group-is-layout-constrained\" style=\"margin-top:0;margin-bottom:0;padding-top:var(--wp--preset--spacing--20);padding-right:var(--wp--preset--spacing--50);padding-bottom:var(--wp--preset--spacing--20);padding-left:var(--wp--preset--spacing--50)\">\n<div class=\"wp-block-group is-vertical is-content-justification-center is-layout-flex wp-container-core-group-is-layout-52b864f0 wp-block-group-is-layout-flex\">\n<h2 class=\"wp-block-heading has-text-align-center is-style-asterisk\">Our partners\u2019 teams<\/h2>\n<\/div>\n\n\n\n<div class=\"wp-block-group is-vertical is-content-justification-center is-layout-flex wp-container-core-group-is-layout-52b864f0 wp-block-group-is-layout-flex\">\n<div style=\"height:0px\" aria-hidden=\"true\" class=\"wp-block-spacer wp-container-content-4f2ccadb\"><\/div>\n<\/div>\n\n\n\n<div class=\"wp-block-columns alignwide is-layout-flex wp-container-core-columns-is-layout-d0bbbce0 wp-block-columns-is-layout-flex\">\n<div class=\"wp-block-column is-layout-flow wp-container-core-column-is-layout-e3d1c41b wp-block-column-is-layout-flow\">\n<h3 class=\"wp-block-heading has-text-align-left is-style-default has-body-font-family has-medium-font-size\" style=\"font-style:normal;font-weight:600\">Ivory Coast<\/h3>\n\n\n\n<p><strong>Jacques Kob\u00e9nan Krako<\/strong><\/p>\n\n\n\n<p class=\"has-text-align-left\">Directeur-Les Flambloyants<\/p>\n\n\n\n<figure class=\"wp-block-image size-full\"><img loading=\"lazy\" decoding=\"async\" width=\"384\" height=\"429\" src=\"https:\/\/solinfo.org\/wp-content\/uploads\/2025\/11\/Lequipe-Alpha-couture-Doropo-3.jpeg\" alt=\"\" class=\"wp-image-2347\" srcset=\"https:\/\/solinfo.org\/wp-content\/uploads\/2025\/11\/Lequipe-Alpha-couture-Doropo-3.jpeg 384w, https:\/\/solinfo.org\/wp-content\/uploads\/2025\/11\/Lequipe-Alpha-couture-Doropo-3-269x300.jpeg 269w\" sizes=\"auto, (max-width: 384px) 100vw, 384px\" \/><\/figure>\n\n\n\n<p class=\"has-text-align-left\">Founder and Executive Director of the Ivorian NGO *Les Flamboyants*, Jacques graduated from the National School of Public Health in Ouagadougou, Burkina Faso. *Les Flamboyants* works to improve the living conditions of women and children in the Bounkani region.&nbsp;<\/p>\n\n\n\n<p class=\"has-text-align-left\"><\/p>\n<\/div>\n\n\n\n<div class=\"wp-block-column is-layout-flow wp-container-core-column-is-layout-e3d1c41b wp-block-column-is-layout-flow\">\n<h3 class=\"wp-block-heading has-text-align-left is-style-default has-body-font-family has-medium-font-size\" style=\"font-style:normal;font-weight:600\">Mozambique<\/h3>\n\n\n\n<p><strong>Jorge Jose Sousa<\/strong><\/p>\n\n\n\n<p class=\"has-text-align-left\">Kulima Provincial Delegate<\/p>\n\n\n\n<figure class=\"wp-block-image size-full\"><img loading=\"lazy\" decoding=\"async\" width=\"499\" height=\"375\" src=\"https:\/\/solinfo.org\/wp-content\/uploads\/2025\/11\/sol-moz-site-jorge-1.jpg\" alt=\"\" class=\"wp-image-1594\" srcset=\"https:\/\/solinfo.org\/wp-content\/uploads\/2025\/11\/sol-moz-site-jorge-1.jpg 499w, https:\/\/solinfo.org\/wp-content\/uploads\/2025\/11\/sol-moz-site-jorge-1-300x225.jpg 300w\" sizes=\"auto, (max-width: 499px) 100vw, 499px\" \/><\/figure>\n\n\n\n<p class=\"has-text-align-left\">Jorge supervises and leads from Pemba the Kulima program team dedicated to our work in the Mueda displacement camp. <\/p>\n\n\n\n<p class=\"has-text-align-left\">He brings to us his long humanitarian experience, his kindness, and his energy in the complex context of Cabo Delgado.<\/p>\n<\/div>\n\n\n\n<div class=\"wp-block-column is-layout-flow wp-container-core-column-is-layout-e3d1c41b wp-block-column-is-layout-flow\">\n<h3 class=\"wp-block-heading has-text-align-left is-style-default has-body-font-family has-medium-font-size\" style=\"font-style:normal;font-weight:600\">Ivory Coast<\/h3>\n\n\n\n<p><strong>Elvis-Ibrahim Kabla<\/strong><\/p>\n\n\n\n<p class=\"has-text-align-left\">President - AJV-CI<\/p>\n\n\n\n<figure class=\"wp-block-image size-full is-resized\"><img loading=\"lazy\" decoding=\"async\" width=\"1336\" height=\"1758\" src=\"https:\/\/solinfo.org\/wp-content\/uploads\/2025\/11\/IMG_2322.jpeg\" alt=\"\" class=\"wp-image-2357\" style=\"width:199px;height:auto\" srcset=\"https:\/\/solinfo.org\/wp-content\/uploads\/2025\/11\/IMG_2322.jpeg 1336w, https:\/\/solinfo.org\/wp-content\/uploads\/2025\/11\/IMG_2322-228x300.jpeg 228w, https:\/\/solinfo.org\/wp-content\/uploads\/2025\/11\/IMG_2322-778x1024.jpeg 778w, https:\/\/solinfo.org\/wp-content\/uploads\/2025\/11\/IMG_2322-768x1011.jpeg 768w, https:\/\/solinfo.org\/wp-content\/uploads\/2025\/11\/IMG_2322-1167x1536.jpeg 1167w\" sizes=\"auto, (max-width: 1336px) 100vw, 1336px\" \/><\/figure>\n\n\n\n<p class=\"has-text-align-left\">Founder and president of the Association des Jeunes Visionnaires de la C\u00f4te d\u2019Ivoire (AJV-CI), with whom we have developed two cohorts of the literacy and sewing program in the Bagou\u00e9 region.&nbsp;<\/p>\n<\/div>\n<\/div>\n\n\n\n<div style=\"height:24px;width:0px\" aria-hidden=\"true\" class=\"wp-block-spacer\"><\/div>\n<\/div>\n\n\n\n<div class=\"wp-block-group alignfull has-base-color has-text-color has-background has-global-padding is-layout-constrained wp-container-core-group-is-layout-8bf51df4 wp-block-group-is-layout-constrained\" style=\"background-color:#00214d;margin-top:0;margin-bottom:0;padding-top:var(--wp--preset--spacing--30);padding-right:var(--wp--preset--spacing--30);padding-bottom:var(--wp--preset--spacing--30);padding-left:var(--wp--preset--spacing--30)\">\n<div class=\"wp-block-group has-global-padding is-layout-constrained wp-block-group-is-layout-constrained\">\n<p class=\"has-text-align-center has-base-color has-text-color has-heading-font-family has-x-large-font-size\" style=\"line-height:1.2\"><em>\u201cOur local partners, without whom none of what we achieve would be possible.\u201d<\/em><\/p>\n\n\n\n<div style=\"height:var(--wp--preset--spacing--10)\" aria-hidden=\"true\" class=\"wp-block-spacer\"><\/div>\n<\/div>\n<\/div>\n\n\n\n<p><\/p>","protected":false},"excerpt":{"rendered":"<p>Nos partenaires et nos \u00e9quipes locales Solinfo s\u2019appuie sur des structures locales ou des \u00e9quipes recrut\u00e9es dans les pays o\u00f9 nous intervenons. Nous nouons des partenariats par projet avec les ONG locales et fixons un programme annuel pour chaque pays b\u00e9n\u00e9ficiaire. Nos programmes sont des co-cr\u00e9ations con\u00e7ues et mis en oeuvre en associant connaissance du [&hellip;]<\/p>\n","protected":false},"author":2,"featured_media":1739,"parent":0,"menu_order":0,"comment_status":"closed","ping_status":"closed","template":"","meta":{"footnotes":""},"class_list":["post-1729","page","type-page","status-publish","has-post-thumbnail","hentry"],"_links":{"self":[{"href":"https:\/\/solinfo.org\/en\/wp-json\/wp\/v2\/pages\/1729","targetHints":{"allow":["GET"]}}],"collection":[{"href":"https:\/\/solinfo.org\/en\/wp-json\/wp\/v2\/pages"}],"about":[{"href":"https:\/\/solinfo.org\/en\/wp-json\/wp\/v2\/types\/page"}],"author":[{"embeddable":true,"href":"https:\/\/solinfo.org\/en\/wp-json\/wp\/v2\/users\/2"}],"replies":[{"embeddable":true,"href":"https:\/\/solinfo.org\/en\/wp-json\/wp\/v2\/comments?post=1729"}],"version-history":[{"count":10,"href":"https:\/\/solinfo.org\/en\/wp-json\/wp\/v2\/pages\/1729\/revisions"}],"predecessor-version":[{"id":2415,"href":"https:\/\/solinfo.org\/en\/wp-json\/wp\/v2\/pages\/1729\/revisions\/2415"}],"wp:featuredmedia":[{"embeddable":true,"href":"https:\/\/solinfo.org\/en\/wp-json\/wp\/v2\/media\/1739"}],"wp:attachment":[{"href":"https:\/\/solinfo.org\/en\/wp-json\/wp\/v2\/media?parent=1729"}],"curies":[{"name":"wp","href":"https:\/\/api.w.org\/{rel}","templated":true}]}}