{"id":1732,"date":"2025-11-11T15:30:01","date_gmt":"2025-11-11T14:30:01","guid":{"rendered":"https:\/\/solinfo.org\/?page_id=1732"},"modified":"2025-11-26T15:04:15","modified_gmt":"2025-11-26T14:04:15","slug":"nos-financements","status":"publish","type":"page","link":"https:\/\/solinfo.org\/en\/nos-financements\/","title":{"rendered":"Our fundings"},"content":{"rendered":"<div class=\"wp-block-group alignfull has-base-2-background-color has-background has-global-padding is-layout-constrained wp-container-core-group-is-layout-f6cc5ae6 wp-block-group-is-layout-constrained\" style=\"margin-top:0;margin-bottom:0;padding-top:var(--wp--preset--spacing--30);padding-right:var(--wp--preset--spacing--50);padding-bottom:var(--wp--preset--spacing--30);padding-left:var(--wp--preset--spacing--50)\">\n<div class=\"wp-block-group is-vertical is-content-justification-center is-layout-flex wp-container-core-group-is-layout-52b864f0 wp-block-group-is-layout-flex\">\n<h2 class=\"wp-block-heading has-text-align-center is-style-default\">Sound financial management<\/h2>\n\n\n\n<div style=\"height:0px\" aria-hidden=\"true\" class=\"wp-block-spacer wp-container-content-4f2ccadb\"><\/div>\n\n\n\n<p class=\"has-text-align-center\" style=\"line-height:1.5\">Solinfo is run in a very lean manner. We have no salaried staff: all headquarters contributors and experts are entirely volunteers.<\/p>\n<\/div>\n\n\n\n<div style=\"height:30px\" aria-hidden=\"true\" class=\"wp-block-spacer\"><\/div>\n\n\n\n<div class=\"wp-block-columns alignwide is-layout-flex wp-container-core-columns-is-layout-d0bbbce0 wp-block-columns-is-layout-flex\">\n<div class=\"wp-block-column is-layout-flow wp-container-core-column-is-layout-e3d1c41b wp-block-column-is-layout-flow\">\n<h3 class=\"wp-block-heading has-text-align-left is-style-asterisk has-body-font-family has-medium-font-size\" style=\"font-style:normal;font-weight:600\">Solinfo\u2019s key figures<\/h3>\n\n\n\n<ul class=\"wp-block-list\">\n<li>An annual budget of \u20ac70\u2013120K committed to our field operations, excluding any local funding that may sometimes be mobilized.<\/li>\n\n\n\n<li>95% des ressources annuelles&nbsp;collect\u00e9es&nbsp;sont affect\u00e9es aux programmes humanitaires.<\/li>\n\n\n\n<li>\u2022 Only 5%\u2014thanks to dedicated patronage\u2014are deducted from a \u20ac100 donation to cover our headquarters costs, including the rent of our association office.<\/li>\n\n\n\n<li>\u2022 Zero euros spent on marketing or communication.<\/li>\n\n\n\n<li>\u2022 Zero euros spent on headquarters salaries.<\/li>\n<\/ul>\n<\/div>\n\n\n\n<div class=\"wp-block-column is-layout-flow wp-container-core-column-is-layout-e3d1c41b wp-block-column-is-layout-flow\">\n<figure class=\"wp-block-image aligncenter size-large\"><img loading=\"lazy\" decoding=\"async\" width=\"1024\" height=\"710\" src=\"https:\/\/solinfo.org\/wp-content\/uploads\/2025\/11\/repartition-par-poste-1-1024x710.png\" alt=\"\" class=\"wp-image-2033\" srcset=\"https:\/\/solinfo.org\/wp-content\/uploads\/2025\/11\/repartition-par-poste-1-1024x710.png 1024w, https:\/\/solinfo.org\/wp-content\/uploads\/2025\/11\/repartition-par-poste-1-300x208.png 300w, https:\/\/solinfo.org\/wp-content\/uploads\/2025\/11\/repartition-par-poste-1-768x533.png 768w, https:\/\/solinfo.org\/wp-content\/uploads\/2025\/11\/repartition-par-poste-1-1536x1065.png 1536w, https:\/\/solinfo.org\/wp-content\/uploads\/2025\/11\/repartition-par-poste-1-2048x1420.png 2048w\" sizes=\"auto, (max-width: 1024px) 100vw, 1024px\" \/><\/figure>\n<\/div>\n<\/div>\n<\/div>\n\n\n\n<div class=\"wp-block-group alignfull has-base-2-background-color has-background has-global-padding is-layout-constrained wp-container-core-group-is-layout-aff63992 wp-block-group-is-layout-constrained\" style=\"margin-top:0;margin-bottom:0;padding-top:0;padding-right:var(--wp--preset--spacing--50);padding-bottom:0;padding-left:var(--wp--preset--spacing--50)\">\n<div class=\"wp-block-group is-vertical is-content-justification-center is-layout-flex wp-container-core-group-is-layout-52b864f0 wp-block-group-is-layout-flex\">\n<h2 class=\"wp-block-heading has-text-align-center is-style-default\">Diversified funding<\/h2>\n\n\n\n<div style=\"height:0px\" aria-hidden=\"true\" class=\"wp-block-spacer wp-container-content-4f2ccadb\"><\/div>\n\n\n\n<p class=\"has-text-align-center\" style=\"line-height:1.5\">Our resources come from private donations, corporate patronage, and project-based funding from foundations, companies, and, more rarely, public institutions. <\/p>\n<\/div>\n\n\n\n<hr class=\"wp-block-separator has-alpha-channel-opacity\"\/>\n\n\n\n<div style=\"height:30px\" aria-hidden=\"true\" class=\"wp-block-spacer\"><\/div>\n\n\n\n<div class=\"wp-block-columns alignwide is-layout-flex wp-container-core-columns-is-layout-d0bbbce0 wp-block-columns-is-layout-flex\">\n<div class=\"wp-block-column is-layout-flow wp-container-core-column-is-layout-e3d1c41b wp-block-column-is-layout-flow\">\n<figure class=\"wp-block-image size-large\"><img loading=\"lazy\" decoding=\"async\" width=\"1024\" height=\"709\" src=\"https:\/\/solinfo.org\/wp-content\/uploads\/2025\/11\/repartition-par-origine-2-1024x709.png\" alt=\"\" class=\"wp-image-2035\" srcset=\"https:\/\/solinfo.org\/wp-content\/uploads\/2025\/11\/repartition-par-origine-2-1024x709.png 1024w, https:\/\/solinfo.org\/wp-content\/uploads\/2025\/11\/repartition-par-origine-2-300x208.png 300w, https:\/\/solinfo.org\/wp-content\/uploads\/2025\/11\/repartition-par-origine-2-768x532.png 768w, https:\/\/solinfo.org\/wp-content\/uploads\/2025\/11\/repartition-par-origine-2-1536x1064.png 1536w, https:\/\/solinfo.org\/wp-content\/uploads\/2025\/11\/repartition-par-origine-2-2048x1418.png 2048w\" sizes=\"auto, (max-width: 1024px) 100vw, 1024px\" \/><\/figure>\n<\/div>\n\n\n\n<div class=\"wp-block-column is-layout-flow wp-container-core-column-is-layout-e3d1c41b wp-block-column-is-layout-flow\">\n<h3 class=\"wp-block-heading has-text-align-left is-style-asterisk has-body-font-family has-medium-font-size\" style=\"font-style:normal;font-weight:600\">Where our funding comes from<\/h3>\n\n\n\n<ul class=\"wp-block-list\">\n<li>Our resources come 82% from private donations, mainly through corporate and foundation sponsorship. Some of our programs are co-funded by French associations, such as TDH-AL68, our partner in Bangladesh.<\/li>\n\n\n\n<li>We also occasionally receive funding\u2014about 18%\u2014by responding to calls for proposals or submitting applications to donors such as the Fondation de France or the City of Paris. Some of our programs are co-funded by French associations, including TDH-AL68.<\/li>\n<\/ul>\n<\/div>\n<\/div>\n\n\n\n<div style=\"height:var(--wp--preset--spacing--20)\" aria-hidden=\"true\" class=\"wp-block-spacer\"><\/div>\n\n\n\n<hr class=\"wp-block-separator has-alpha-channel-opacity is-style-wide\" style=\"margin-top:0;margin-bottom:var(--wp--preset--spacing--40)\"\/>\n<\/div>\n\n\n\n<div class=\"wp-block-group alignfull has-accent-5-background-color has-background has-global-padding is-layout-constrained wp-container-core-group-is-layout-d89aad35 wp-block-group-is-layout-constrained\" style=\"margin-top:0;margin-bottom:0;padding-top:var(--wp--preset--spacing--50);padding-right:var(--wp--preset--spacing--50);padding-bottom:var(--wp--preset--spacing--50);padding-left:var(--wp--preset--spacing--50)\">\n<div class=\"wp-block-columns alignwide is-layout-flex wp-container-core-columns-is-layout-1da03c2a wp-block-columns-is-layout-flex\">\n<div class=\"wp-block-column is-vertically-aligned-center is-layout-flow wp-block-column-is-layout-flow\" style=\"flex-basis:60%\">\n<figure class=\"wp-block-image size-full is-style-rounded wp-duotone-duotone-1 is-style-rounded--1\"><img loading=\"lazy\" decoding=\"async\" width=\"2560\" height=\"1707\" src=\"https:\/\/solinfo.org\/wp-content\/uploads\/2025\/10\/moz-sol-site-8-scaled.jpg\" alt=\"\" class=\"wp-image-1264\" style=\"aspect-ratio:4\/3;object-fit:cover\" srcset=\"https:\/\/solinfo.org\/wp-content\/uploads\/2025\/10\/moz-sol-site-8-scaled.jpg 2560w, https:\/\/solinfo.org\/wp-content\/uploads\/2025\/10\/moz-sol-site-8-300x200.jpg 300w, https:\/\/solinfo.org\/wp-content\/uploads\/2025\/10\/moz-sol-site-8-1024x683.jpg 1024w, https:\/\/solinfo.org\/wp-content\/uploads\/2025\/10\/moz-sol-site-8-768x512.jpg 768w, https:\/\/solinfo.org\/wp-content\/uploads\/2025\/10\/moz-sol-site-8-1536x1024.jpg 1536w, https:\/\/solinfo.org\/wp-content\/uploads\/2025\/10\/moz-sol-site-8-2048x1365.jpg 2048w\" sizes=\"auto, (max-width: 2560px) 100vw, 2560px\" \/><\/figure>\n<\/div>\n\n\n\n<div class=\"wp-block-column is-layout-flow wp-block-column-is-layout-flow\" style=\"flex-basis:40%\">\n<h2 class=\"wp-block-heading\">Your donations are 66% tax-deductible <\/h2>\n\n\n\n<p><br>Donations made to Solinfo, an organization recognized as being of public interest, are eligible for tax reductions (Articles 200 and 238 bis of the French Tax Code).<\/p>\n\n\n\n<p>Individuals benefit from a 66% tax deduction, up to 20% of their taxable income, and companies benefit from a 60% deduction, up to 0.5% of their turnover.<\/p>\n\n\n\n<p>A tax receipt is issued for every donation: thus, a \u20ac100 donation actually costs only \u20ac34 for an individual and \u20ac40 for a company.<\/p>\n\n\n\n<p>By supporting Solinfo, you contribute to our training, education, and psychosocial support programs for the most vulnerable.<\/p>\n\n\n\n<div class=\"wp-block-buttons is-content-justification-center is-layout-flex wp-container-core-buttons-is-layout-a89b3969 wp-block-buttons-is-layout-flex\">\n<div class=\"wp-block-button\"><a class=\"wp-block-button__link wp-element-button\" href=\"https:\/\/www.helloasso.com\/associations\/solinfo\/formulaires\/1\">Support us by making a donation on HelloAsso<\/a><\/div>\n<\/div>\n<\/div>\n<\/div>\n<\/div>","protected":false},"excerpt":{"rendered":"<p>Des finances ma\u00eetris\u00e9es Solinfo est g\u00e9r\u00e9e de mani\u00e8re tr\u00e8s sobre. Nous n&rsquo;avons pas de salari\u00e9 : tous les intervenants du si\u00e8ge, comme nos experts sont enti\u00e8rement b\u00e9n\u00e9voles. Les chiffres cl\u00e9s de Solinfo Un financement diversifi\u00e9 Nos ressources&nbsp;proviennent de dons priv\u00e9s, du m\u00e9c\u00e9nat et de financements par projet via des fondations, des entreprises&nbsp;et plus&nbsp;rarement d&rsquo;organismes publics. [&hellip;]<\/p>\n","protected":false},"author":2,"featured_media":0,"parent":0,"menu_order":0,"comment_status":"closed","ping_status":"closed","template":"","meta":{"footnotes":""},"class_list":["post-1732","page","type-page","status-publish","hentry"],"_links":{"self":[{"href":"https:\/\/solinfo.org\/en\/wp-json\/wp\/v2\/pages\/1732","targetHints":{"allow":["GET"]}}],"collection":[{"href":"https:\/\/solinfo.org\/en\/wp-json\/wp\/v2\/pages"}],"about":[{"href":"https:\/\/solinfo.org\/en\/wp-json\/wp\/v2\/types\/page"}],"author":[{"embeddable":true,"href":"https:\/\/solinfo.org\/en\/wp-json\/wp\/v2\/users\/2"}],"replies":[{"embeddable":true,"href":"https:\/\/solinfo.org\/en\/wp-json\/wp\/v2\/comments?post=1732"}],"version-history":[{"count":10,"href":"https:\/\/solinfo.org\/en\/wp-json\/wp\/v2\/pages\/1732\/revisions"}],"predecessor-version":[{"id":2430,"href":"https:\/\/solinfo.org\/en\/wp-json\/wp\/v2\/pages\/1732\/revisions\/2430"}],"wp:attachment":[{"href":"https:\/\/solinfo.org\/en\/wp-json\/wp\/v2\/media?parent=1732"}],"curies":[{"name":"wp","href":"https:\/\/api.w.org\/{rel}","templated":true}]}}