{"id":1869,"date":"2025-11-19T20:13:01","date_gmt":"2025-11-19T19:13:01","guid":{"rendered":"https:\/\/solinfo.org\/?page_id=1869"},"modified":"2025-11-23T00:15:32","modified_gmt":"2025-11-22T23:15:32","slug":"nos-soutiens","status":"publish","type":"page","link":"https:\/\/solinfo.org\/en\/nos-soutiens\/","title":{"rendered":"Our supports"},"content":{"rendered":"<div class=\"wp-block-group alignfull has-global-padding is-layout-constrained wp-container-core-group-is-layout-b673cb31 wp-block-group-is-layout-constrained\" style=\"margin-top:0;margin-bottom:0;padding-top:var(--wp--preset--spacing--30);padding-right:var(--wp--preset--spacing--50);padding-bottom:var(--wp--preset--spacing--30);padding-left:var(--wp--preset--spacing--50)\">\n<div class=\"wp-block-group alignwide has-base-2-background-color has-background is-layout-flow wp-block-group-is-layout-flow\" style=\"border-radius:16px;padding-top:var(--wp--preset--spacing--20);padding-right:var(--wp--preset--spacing--20);padding-bottom:var(--wp--preset--spacing--20);padding-left:var(--wp--preset--spacing--20)\">\n<div class=\"wp-block-group is-vertical is-content-justification-center is-layout-flex wp-container-core-group-is-layout-52b864f0 wp-block-group-is-layout-flex\">\n<h2 class=\"wp-block-heading has-text-align-center is-style-default\">Solinfo\u2019s supporters<\/h2>\n\n\n\n<div style=\"height:0px\" aria-hidden=\"true\" class=\"wp-block-spacer wp-container-content-4f2ccadb\"><\/div>\n\n\n\n<p class=\"has-text-align-center\" style=\"line-height:1.5\">We wish to highlight and thank our financial partners for the funding they provide to our programs.<\/p>\n\n\n\n<p class=\"has-text-align-center\">Beyond their financial support, they have often offered us guidance, advice, and encouragement \u2014 and for some of them, valuable knowledge of the contexts in which we operate.    <\/p>\n\n\n\n<p>Over the past 20 years, the number of our supporters has been significant; here, we mention only the most recent ones.<\/p>\n<\/div>\n<\/div>\n<\/div>\n\n\n\n<div class=\"wp-block-group alignfull has-global-padding is-layout-constrained wp-container-core-group-is-layout-b673cb31 wp-block-group-is-layout-constrained\" style=\"margin-top:0;margin-bottom:0;padding-top:var(--wp--preset--spacing--30);padding-right:var(--wp--preset--spacing--50);padding-bottom:var(--wp--preset--spacing--30);padding-left:var(--wp--preset--spacing--50)\">\n<div class=\"wp-block-group alignwide has-base-2-background-color has-background is-layout-flow wp-block-group-is-layout-flow\" style=\"border-radius:16px;padding-top:var(--wp--preset--spacing--20);padding-right:var(--wp--preset--spacing--20);padding-bottom:var(--wp--preset--spacing--20);padding-left:var(--wp--preset--spacing--20)\">\n<div class=\"wp-block-group is-vertical is-content-justification-center is-layout-flex wp-container-core-group-is-layout-52b864f0 wp-block-group-is-layout-flex\">\n<h2 class=\"wp-block-heading has-text-align-center is-style-default\">Associations, NGOs &amp; Foundations<\/h2>\n\n\n\n<div style=\"height:0px\" aria-hidden=\"true\" class=\"wp-block-spacer wp-container-content-4f2ccadb\"><\/div>\n<\/div>\n\n\n\n<div class=\"wp-block-group alignwide is-content-justification-center is-layout-flex wp-container-core-group-is-layout-f95ffa09 wp-block-group-is-layout-flex\" style=\"padding-top:0;padding-right:0;padding-bottom:0;padding-left:0\">\n<figure class=\"wp-block-image size-full is-resized\"><img loading=\"lazy\" decoding=\"async\" width=\"300\" height=\"284\" src=\"https:\/\/solinfo.org\/wp-content\/uploads\/2025\/11\/logo-carre-TDH.png\" alt=\"\" class=\"wp-image-1668\" style=\"aspect-ratio:1.3333333333333333;object-fit:contain;width:300px;height:auto\"\/><\/figure>\n\n\n\n<figure class=\"wp-block-image size-full is-resized\"><img loading=\"lazy\" decoding=\"async\" width=\"202\" height=\"249\" src=\"https:\/\/solinfo.org\/wp-content\/uploads\/2025\/11\/Fondation-de-France.png\" alt=\"\" class=\"wp-image-1939\" style=\"aspect-ratio:1.3333333333333333;object-fit:contain;width:150px;height:auto\"\/><\/figure>\n\n\n\n<figure class=\"wp-block-image size-full is-resized\"><img loading=\"lazy\" decoding=\"async\" width=\"224\" height=\"224\" src=\"https:\/\/solinfo.org\/wp-content\/uploads\/2025\/11\/La-Guilde.png\" alt=\"\" class=\"wp-image-1940\" style=\"aspect-ratio:4\/3;object-fit:contain;width:150px\" srcset=\"https:\/\/solinfo.org\/wp-content\/uploads\/2025\/11\/La-Guilde.png 224w, https:\/\/solinfo.org\/wp-content\/uploads\/2025\/11\/La-Guilde-150x150.png 150w\" sizes=\"auto, (max-width: 224px) 100vw, 224px\" \/><\/figure>\n\n\n\n<figure class=\"wp-block-image size-full is-resized\"><img loading=\"lazy\" decoding=\"async\" width=\"261\" height=\"193\" src=\"https:\/\/solinfo.org\/wp-content\/uploads\/2025\/11\/Ordre-de-Malte.png\" alt=\"\" class=\"wp-image-1941\" style=\"aspect-ratio:4\/3;object-fit:contain;width:150px\"\/><\/figure>\n\n\n\n<figure class=\"wp-block-image size-full is-resized\"><img loading=\"lazy\" decoding=\"async\" width=\"235\" height=\"214\" src=\"https:\/\/solinfo.org\/wp-content\/uploads\/2025\/11\/Ville-de-Paris.jpg\" alt=\"\" class=\"wp-image-1942\" style=\"aspect-ratio:4\/3;object-fit:contain;width:150px\"\/><\/figure>\n<\/div>\n<\/div>\n\n\n\n<div class=\"wp-block-group alignwide has-base-2-background-color has-background is-layout-flow wp-block-group-is-layout-flow\" style=\"border-radius:16px;padding-top:var(--wp--preset--spacing--20);padding-right:var(--wp--preset--spacing--20);padding-bottom:var(--wp--preset--spacing--20);padding-left:var(--wp--preset--spacing--20)\">\n<div class=\"wp-block-group is-vertical is-content-justification-center is-layout-flex wp-container-core-group-is-layout-52b864f0 wp-block-group-is-layout-flex\">\n<h2 class=\"wp-block-heading has-text-align-center is-style-default\">Companies<\/h2>\n\n\n\n<div style=\"height:0px\" aria-hidden=\"true\" class=\"wp-block-spacer wp-container-content-4f2ccadb\"><\/div>\n<\/div>\n\n\n\n<div class=\"wp-block-group alignwide is-content-justification-center is-layout-flex wp-container-core-group-is-layout-f95ffa09 wp-block-group-is-layout-flex\" style=\"padding-top:0;padding-right:0;padding-bottom:0;padding-left:0\">\n<figure class=\"wp-block-image size-full is-resized\"><img loading=\"lazy\" decoding=\"async\" width=\"246\" height=\"102\" src=\"https:\/\/solinfo.org\/wp-content\/uploads\/2025\/11\/oryx.png\" alt=\"\" class=\"wp-image-1670\" style=\"aspect-ratio:1.3333333333333333;object-fit:contain;width:300px;height:auto\"\/><\/figure>\n\n\n\n<figure class=\"wp-block-image size-full is-resized\"><img loading=\"lazy\" decoding=\"async\" width=\"252\" height=\"140\" src=\"https:\/\/solinfo.org\/wp-content\/uploads\/2025\/11\/auchan.jpg\" alt=\"\" class=\"wp-image-1671\" style=\"aspect-ratio:4\/3;object-fit:contain;width:150px\"\/><\/figure>\n\n\n\n<figure class=\"wp-block-image size-full is-resized\"><img loading=\"lazy\" decoding=\"async\" width=\"250\" height=\"142\" src=\"https:\/\/solinfo.org\/wp-content\/uploads\/2025\/11\/carrefour.jpg\" alt=\"\" class=\"wp-image-1672\" style=\"aspect-ratio:4\/3;object-fit:contain;width:150px\"\/><\/figure>\n\n\n\n<figure class=\"wp-block-image size-full is-resized\"><img loading=\"lazy\" decoding=\"async\" width=\"242\" height=\"246\" src=\"https:\/\/solinfo.org\/wp-content\/uploads\/2025\/11\/siplec.jpg\" alt=\"\" class=\"wp-image-1673\" style=\"aspect-ratio:4\/3;object-fit:contain;width:150px\"\/><\/figure>\n<\/div>\n\n\n\n<div class=\"wp-block-group alignwide is-content-justification-center is-layout-flex wp-container-core-group-is-layout-f95ffa09 wp-block-group-is-layout-flex\" style=\"padding-top:0;padding-right:0;padding-bottom:0;padding-left:0\">\n<figure class=\"wp-block-image size-full is-resized\"><img loading=\"lazy\" decoding=\"async\" width=\"518\" height=\"76\" src=\"https:\/\/solinfo.org\/wp-content\/uploads\/2025\/11\/sonae.png\" alt=\"\" class=\"wp-image-1675\" style=\"aspect-ratio:1.3333333333333333;object-fit:contain;width:300px;height:auto\" srcset=\"https:\/\/solinfo.org\/wp-content\/uploads\/2025\/11\/sonae.png 518w, https:\/\/solinfo.org\/wp-content\/uploads\/2025\/11\/sonae-300x44.png 300w\" sizes=\"auto, (max-width: 518px) 100vw, 518px\" \/><\/figure>\n\n\n\n<figure class=\"wp-block-image size-full is-resized\"><img loading=\"lazy\" decoding=\"async\" width=\"164\" height=\"93\" src=\"https:\/\/solinfo.org\/wp-content\/uploads\/2025\/11\/benetton.jpg\" alt=\"\" class=\"wp-image-1674\" style=\"aspect-ratio:1.3333333333333333;object-fit:contain;width:150px;height:auto\"\/><\/figure>\n<\/div>\n<\/div>\n<\/div>","protected":false},"excerpt":{"rendered":"<p>Les soutiens de Solinfo Nous souhaitons mettre en valeur et remercier ici nos partenaire financiers pour les financements apport\u00e9s \u00e0 nos programmes. Au del\u00e0 de ce soutien sur nos budgets de programme, ils nous ont souvent apport\u00e9 \u00e9coute, conseils et encouragement. Pour certains d&rsquo;entres eux, leur connaissance des terrains ou nous intervenons. Depuis 20 ans, [&hellip;]<\/p>\n","protected":false},"author":3,"featured_media":0,"parent":0,"menu_order":0,"comment_status":"closed","ping_status":"closed","template":"","meta":{"footnotes":""},"class_list":["post-1869","page","type-page","status-publish","hentry"],"_links":{"self":[{"href":"https:\/\/solinfo.org\/en\/wp-json\/wp\/v2\/pages\/1869","targetHints":{"allow":["GET"]}}],"collection":[{"href":"https:\/\/solinfo.org\/en\/wp-json\/wp\/v2\/pages"}],"about":[{"href":"https:\/\/solinfo.org\/en\/wp-json\/wp\/v2\/types\/page"}],"author":[{"embeddable":true,"href":"https:\/\/solinfo.org\/en\/wp-json\/wp\/v2\/users\/3"}],"replies":[{"embeddable":true,"href":"https:\/\/solinfo.org\/en\/wp-json\/wp\/v2\/comments?post=1869"}],"version-history":[{"count":10,"href":"https:\/\/solinfo.org\/en\/wp-json\/wp\/v2\/pages\/1869\/revisions"}],"predecessor-version":[{"id":2419,"href":"https:\/\/solinfo.org\/en\/wp-json\/wp\/v2\/pages\/1869\/revisions\/2419"}],"wp:attachment":[{"href":"https:\/\/solinfo.org\/en\/wp-json\/wp\/v2\/media?parent=1869"}],"curies":[{"name":"wp","href":"https:\/\/api.w.org\/{rel}","templated":true}]}}