{"id":2355,"date":"2025-11-22T18:13:10","date_gmt":"2025-11-22T17:13:10","guid":{"rendered":"https:\/\/solinfo.org\/?page_id=2355"},"modified":"2025-11-22T18:13:48","modified_gmt":"2025-11-22T17:13:48","slug":"our-teams","status":"publish","type":"page","link":"https:\/\/solinfo.org\/en\/our-teams\/","title":{"rendered":"Our teams"},"content":{"rendered":"<h1 class=\"wp-block-heading has-text-align-center has-xx-large-font-size\">Our Teams<\/h1>\n\n\n\n<div class=\"wp-block-group alignfull has-background has-global-padding is-layout-constrained wp-container-core-group-is-layout-5613adf2 wp-block-group-is-layout-constrained\" style=\"background-color:#eaeaea;padding-top:var(--wp--preset--spacing--40);padding-right:var(--wp--preset--spacing--50);padding-bottom:var(--wp--preset--spacing--40);padding-left:var(--wp--preset--spacing--50)\">\n<div class=\"wp-block-group has-global-padding is-layout-constrained wp-container-core-group-is-layout-4e99f8cd wp-block-group-is-layout-constrained\">\n<h1 class=\"wp-block-heading has-text-align-center is-style-asterisk has-x-large-font-size\">Committed women and men<\/h1>\n<\/div>\n\n\n\n<div class=\"wp-block-group has-global-padding is-layout-constrained wp-container-core-group-is-layout-4e99f8cd wp-block-group-is-layout-constrained\">\n<p class=\"has-text-align-center\">At headquarters, a team of volunteers maintains the link between programs, partners, and donors. They coordinate projects, respond to needs expressed from the field, and ensure coherence across our actions.<\/p>\n<\/div>\n\n\n\n<p><\/p>\n\n\n\n<div class=\"wp-block-group has-global-padding is-layout-constrained wp-container-core-group-is-layout-4e99f8cd wp-block-group-is-layout-constrained\">\n<p class=\"has-text-align-center\">Volunteer experts\u2014specialists in key areas of humanitarian response (health, education, psychosocial support, emergency response, training, etc.)\u2014provide technical support to local teams.<\/p>\n<\/div>\n\n\n\n<p><\/p>\n\n\n\n<div class=\"wp-block-group has-global-padding is-layout-constrained wp-container-core-group-is-layout-4e99f8cd wp-block-group-is-layout-constrained\">\n<p class=\"has-text-align-center\">In the field, Solinfo relies on partner NGO teams who work directly within the communities and alongside the young people we support. <\/p>\n<\/div>\n\n\n\n<p><\/p>\n<\/div>\n\n\n\n<div class=\"wp-block-group alignfull has-base-2-background-color has-background has-global-padding is-layout-constrained wp-container-core-group-is-layout-edc2874e wp-block-group-is-layout-constrained\" style=\"margin-top:0;margin-bottom:0;padding-top:var(--wp--preset--spacing--20);padding-right:var(--wp--preset--spacing--50);padding-bottom:var(--wp--preset--spacing--20);padding-left:var(--wp--preset--spacing--50)\">\n<div class=\"wp-block-group is-vertical is-content-justification-center is-layout-flex wp-container-core-group-is-layout-b939bff0 wp-block-group-is-layout-flex\">\n<h2 class=\"wp-block-heading has-text-align-center is-style-asterisk\">Solinfo\u2019s Board<\/h2>\n\n\n\n<p class=\"has-text-align-center\"><br>The board is appointed by the General Assembly and elected for a three-year term.<\/p>\n<\/div>\n\n\n\n<div class=\"wp-block-group is-vertical is-content-justification-center is-layout-flex wp-container-core-group-is-layout-52b864f0 wp-block-group-is-layout-flex\">\n<div style=\"height:0px\" aria-hidden=\"true\" class=\"wp-block-spacer wp-container-content-4f2ccadb\"><\/div>\n<\/div>\n\n\n\n<div class=\"wp-block-columns alignwide is-layout-flex wp-container-core-columns-is-layout-d0bbbce0 wp-block-columns-is-layout-flex\">\n<div class=\"wp-block-column is-layout-flow wp-container-core-column-is-layout-e3d1c41b wp-block-column-is-layout-flow\">\n<h3 class=\"wp-block-heading has-text-align-left is-style-default has-body-font-family has-medium-font-size\" style=\"font-style:normal;font-weight:600\">Edouard Lagourgue<\/h3>\n\n\n\n<p class=\"has-text-align-left\">Pr\u00e9sident<\/p>\n\n\n\n<p class=\"has-text-align-left\">Highly involved in the humanitarian field for several decades, Edouard is the current president of Solinfo: *\u201csupporting local organizations in their work to train young people is the guarantee of a lasting impact. Contributing to it is a duty of humanity,\u201d* he says. He is also a corporate and association board member, including at AVVAT, an honorary member of Solidarit\u00e9s International, and an expert member of D\u00e9fis Humanitaires.<\/p>\n\n\n\n<figure class=\"wp-block-image size-full\"><img loading=\"lazy\" decoding=\"async\" width=\"499\" height=\"374\" src=\"https:\/\/solinfo.org\/wp-content\/uploads\/2025\/11\/Edouard-Lagourgue-1.jpeg\" alt=\"\" class=\"wp-image-1568\" srcset=\"https:\/\/solinfo.org\/wp-content\/uploads\/2025\/11\/Edouard-Lagourgue-1.jpeg 499w, https:\/\/solinfo.org\/wp-content\/uploads\/2025\/11\/Edouard-Lagourgue-1-300x225.jpeg 300w\" sizes=\"auto, (max-width: 499px) 100vw, 499px\" \/><\/figure>\n<\/div>\n\n\n\n<div class=\"wp-block-column is-layout-flow wp-container-core-column-is-layout-e3d1c41b wp-block-column-is-layout-flow\">\n<h3 class=\"wp-block-heading has-text-align-left is-style-default has-body-font-family has-medium-font-size\" style=\"font-style:normal;font-weight:600\">Thierry Liebaut<\/h3>\n\n\n\n<p class=\"has-text-align-left\">Secretary General<\/p>\n\n\n\n<p class=\"has-text-align-left\">Entrepreneur and travel enthusiast, Thierry joined Solinfo as an active member and was later elected Secretary General. At Solinfo, he found a way to combine headquarters work with field missions, within a team dedicated to human-scale humanitarian projects and in direct contact with local partners and Solinfo\u2019s beneficiaries. He has previously contributed to numerous humanitarian programs in Iraq, Lebanon, and several African countries.<\/p>\n\n\n\n<figure class=\"wp-block-image size-full\"><img loading=\"lazy\" decoding=\"async\" width=\"496\" height=\"372\" src=\"https:\/\/solinfo.org\/wp-content\/uploads\/2025\/10\/equipe-sol-tlie-site-1.jpg\" alt=\"\" class=\"wp-image-1249\" srcset=\"https:\/\/solinfo.org\/wp-content\/uploads\/2025\/10\/equipe-sol-tlie-site-1.jpg 496w, https:\/\/solinfo.org\/wp-content\/uploads\/2025\/10\/equipe-sol-tlie-site-1-300x225.jpg 300w\" sizes=\"auto, (max-width: 496px) 100vw, 496px\" \/><\/figure>\n<\/div>\n\n\n\n<div class=\"wp-block-column is-layout-flow wp-container-core-column-is-layout-e3d1c41b wp-block-column-is-layout-flow\">\n<h3 class=\"wp-block-heading has-text-align-left is-style-default has-body-font-family has-medium-font-size\" style=\"font-style:normal;font-weight:600\">Audrey Lenestour<\/h3>\n\n\n\n<p class=\"has-text-align-left\">Treasurer&nbsp;<\/p>\n\n\n\n<p class=\"has-text-align-left\">Audrey is the cornerstone of Solinfo\u2019s headquarters team, overseeing the organization\u2019s accounting and treasury.<\/p>\n\n\n\n<p class=\"has-text-align-left\">She contributes her time and accounting expertise, but also her freshness and sense of humor to this part of our work, which demands both competence and rigor\u2014especially at a time when funding everywhere is becoming scarce.<\/p>\n\n\n<\/div>\n<\/div>\n\n\n\n<div style=\"height:min(1.5rem, 2vw);width:0px\" aria-hidden=\"true\" class=\"wp-block-spacer\"><\/div>\n<\/div>\n\n\n\n<div class=\"wp-block-group alignfull has-accent-background-color has-background has-global-padding is-layout-constrained wp-container-core-group-is-layout-d5d53815 wp-block-group-is-layout-constrained\" style=\"margin-top:0;margin-bottom:0;padding-top:var(--wp--preset--spacing--30);padding-right:var(--wp--preset--spacing--30);padding-bottom:var(--wp--preset--spacing--30);padding-left:var(--wp--preset--spacing--30)\">\n<div class=\"wp-block-group alignwide has-global-padding is-layout-constrained wp-container-core-group-is-layout-a4e526f7 wp-block-group-is-layout-constrained\" style=\"padding-top:0;padding-bottom:0\">\n<div class=\"wp-block-group is-vertical is-content-justification-center is-layout-flex wp-container-core-group-is-layout-3f0338aa wp-block-group-is-layout-flex\" style=\"margin-top:0;margin-bottom:0;padding-top:0;padding-bottom:0\">\n<h2 class=\"wp-block-heading has-text-align-center is-style-asterisk\">Solinfo\u2019s Experts<\/h2>\n\n\n\n<p class=\"has-text-align-center\"><br>Solinfo relies on a network of volunteer experts mobilized according to the needs of each mission. Their commitment ensures the quality of our projects and provides effective technical support directly to our local partners. <\/p>\n\n\n\n<p class=\"has-text-align-center\">They also provide training to the management teams of our partner organizations and intervene directly in the field whenever required.&nbsp;<\/p>\n<\/div>\n<\/div>\n\n\n\n<p><\/p>\n\n\n\n<div class=\"wp-block-group alignwide has-global-padding is-layout-constrained wp-container-core-group-is-layout-a4e526f7 wp-block-group-is-layout-constrained\" style=\"padding-top:0;padding-bottom:0\">\n<div class=\"wp-block-columns alignwide is-layout-flex wp-container-core-columns-is-layout-d1c656ed wp-block-columns-is-layout-flex\">\n<div class=\"wp-block-column is-vertically-aligned-center is-layout-flow wp-block-column-is-layout-flow\" style=\"flex-basis:40%\">\n<h3 class=\"wp-block-heading is-style-default\">Juliette Elie<\/h3>\n\n\n\n<p><strong>Medical Advisor<\/strong><\/p>\n\n\n\n<p><br>A committed physician and passionate traveler, Juliette has brought essential medical insight to Solinfo\u2019s projects since she joined the association. Also a practicing doctor in Paris, she applies her expertise to help integrate health approaches tailored to the needs of the beneficiaries. She particularly enjoys working closely with Solinfo\u2019s local partners and contributes to the well-being of communities, especially the children supported by the association. She recently created medical centers for widows and orphaned Syrian refugees in Iraq.<\/p>\n<\/div>\n\n\n\n<div class=\"wp-block-column is-vertically-aligned-center is-layout-flow wp-block-column-is-layout-flow\" style=\"flex-basis:50%\">\n<figure class=\"wp-block-image aligncenter size-full is-style-rounded is-style-rounded--1\"><img loading=\"lazy\" decoding=\"async\" width=\"492\" height=\"372\" src=\"https:\/\/solinfo.org\/wp-content\/uploads\/2025\/11\/juliette-rci.png\" alt=\"\" class=\"wp-image-1380\" srcset=\"https:\/\/solinfo.org\/wp-content\/uploads\/2025\/11\/juliette-rci.png 492w, https:\/\/solinfo.org\/wp-content\/uploads\/2025\/11\/juliette-rci-300x227.png 300w\" sizes=\"auto, (max-width: 492px) 100vw, 492px\" \/><\/figure>\n<\/div>\n<\/div>\n\n\n\n<div style=\"height:min(4rem, 5vw);width:0px\" aria-hidden=\"true\" class=\"wp-block-spacer\"><\/div>\n\n\n\n<div class=\"wp-block-columns alignwide is-layout-flex wp-container-core-columns-is-layout-d1c656ed wp-block-columns-is-layout-flex\">\n<div class=\"wp-block-column is-layout-flow wp-block-column-is-layout-flow\" style=\"flex-basis:50%\">\n<figure class=\"wp-block-image aligncenter size-full is-style-rounded is-style-rounded--2\"><img loading=\"lazy\" decoding=\"async\" width=\"499\" height=\"375\" src=\"https:\/\/solinfo.org\/wp-content\/uploads\/2025\/11\/Diane-Durand-small.jpeg\" alt=\"\" class=\"wp-image-1677\" srcset=\"https:\/\/solinfo.org\/wp-content\/uploads\/2025\/11\/Diane-Durand-small.jpeg 499w, https:\/\/solinfo.org\/wp-content\/uploads\/2025\/11\/Diane-Durand-small-300x225.jpeg 300w\" sizes=\"auto, (max-width: 499px) 100vw, 499px\" \/><\/figure>\n<\/div>\n\n\n\n<div class=\"wp-block-column is-vertically-aligned-center is-layout-flow wp-block-column-is-layout-flow\" style=\"flex-basis:40%\">\n<h3 class=\"wp-block-heading is-style-default\">Diane Durand<\/h3>\n\n\n\n<p>Diane has ten years of experience in managing international solidarity projects in crisis zones and fragile contexts, mainly in Africa and the Middle East, with strong expertise in mediation and humanitarian access.&nbsp;<\/p>\n\n\n\n<p>Her career has led her to collaborate with various organizations, where she also developed solid skills in psychosocial approaches and support\u2014essential for helping affected populations overcome trauma and strengthen their resilience, particularly women and children.<\/p>\n<\/div>\n<\/div>\n<\/div>\n<\/div>\n\n\n\n<div class=\"wp-block-group alignfull has-base-color has-text-color has-background has-global-padding is-layout-constrained wp-container-core-group-is-layout-8bf51df4 wp-block-group-is-layout-constrained\" style=\"background-color:#00214d;margin-top:0;margin-bottom:0;padding-top:var(--wp--preset--spacing--30);padding-right:var(--wp--preset--spacing--30);padding-bottom:var(--wp--preset--spacing--30);padding-left:var(--wp--preset--spacing--30)\">\n<div class=\"wp-block-group alignwide has-global-padding is-layout-constrained wp-container-core-group-is-layout-4383d167 wp-block-group-is-layout-constrained\">\n<p class=\"has-text-align-center has-base-color has-text-color has-heading-font-family has-x-large-font-size\" style=\"margin-right:var(--wp--preset--spacing--10);margin-left:var(--wp--preset--spacing--10);line-height:1.2\"><em>\u201cWe believe that the strength of a humanitarian team lies not only in its skills, but in its ability to unite wills, cultures, and energies to restore hope where it falters.\u201d<\/em><\/p>\n\n\n\n<div style=\"height:var(--wp--preset--spacing--10)\" aria-hidden=\"true\" class=\"wp-block-spacer\"><\/div>\n<\/div>\n\n\n\n<p><\/p>\n<\/div>","protected":false},"excerpt":{"rendered":"<p>Our Teams Des femmes et des hommes engag\u00e9s Au si\u00e8ge, une \u00e9quipe de b\u00e9n\u00e9voles assure le lien entre les programmes, les partenaires et les donateurs. Elle coordonne les projets, r\u00e9pond aux besoins exprim\u00e9s par le terrain et veille \u00e0 la coh\u00e9rence des actions men\u00e9es. Des experts, \u00e9galement b\u00e9n\u00e9voles, issus de domaines cl\u00e9s de la r\u00e9ponse [&hellip;]<\/p>\n","protected":false},"author":3,"featured_media":2041,"parent":0,"menu_order":0,"comment_status":"closed","ping_status":"closed","template":"","meta":{"footnotes":""},"class_list":["post-2355","page","type-page","status-publish","has-post-thumbnail","hentry"],"_links":{"self":[{"href":"https:\/\/solinfo.org\/en\/wp-json\/wp\/v2\/pages\/2355","targetHints":{"allow":["GET"]}}],"collection":[{"href":"https:\/\/solinfo.org\/en\/wp-json\/wp\/v2\/pages"}],"about":[{"href":"https:\/\/solinfo.org\/en\/wp-json\/wp\/v2\/types\/page"}],"author":[{"embeddable":true,"href":"https:\/\/solinfo.org\/en\/wp-json\/wp\/v2\/users\/3"}],"replies":[{"embeddable":true,"href":"https:\/\/solinfo.org\/en\/wp-json\/wp\/v2\/comments?post=2355"}],"version-history":[{"count":1,"href":"https:\/\/solinfo.org\/en\/wp-json\/wp\/v2\/pages\/2355\/revisions"}],"predecessor-version":[{"id":2356,"href":"https:\/\/solinfo.org\/en\/wp-json\/wp\/v2\/pages\/2355\/revisions\/2356"}],"wp:featuredmedia":[{"embeddable":true,"href":"https:\/\/solinfo.org\/en\/wp-json\/wp\/v2\/media\/2041"}],"wp:attachment":[{"href":"https:\/\/solinfo.org\/en\/wp-json\/wp\/v2\/media?parent=2355"}],"curies":[{"name":"wp","href":"https:\/\/api.w.org\/{rel}","templated":true}]}}